{"id":1282,"date":"2026-04-16T16:22:15","date_gmt":"2026-04-16T16:22:15","guid":{"rendered":"https:\/\/sunmentors.eu\/?page_id=1282"},"modified":"2026-04-16T16:22:42","modified_gmt":"2026-04-16T16:22:42","slug":"empfehlungen-zur-foerderung-der-psychischen-gesundheit-von-studierenden-im-hochschulbereich","status":"publish","type":"page","link":"https:\/\/sunmentors.eu\/?page_id=1282&lang=de","title":{"rendered":"Empfehlungen zur F\u00f6rderung der psychischen Gesundheit von Studierenden im Hochschulbereich"},"content":{"rendered":"\t\t<div data-elementor-type=\"wp-page\" data-elementor-id=\"1282\" class=\"elementor elementor-1282\" data-elementor-post-type=\"page\">\n\t\t\t\t\t\t<section class=\"elementor-section elementor-top-section elementor-element elementor-element-472ac236 elementor-section-full_width elementor-section-height-default elementor-section-height-default jltma-glass-effect-no\" data-id=\"472ac236\" data-element_type=\"section\" data-e-type=\"section\">\n\t\t\t\t\t\t<div class=\"elementor-container elementor-column-gap-no\">\n\t\t\t\t\t<div class=\"elementor-column elementor-col-50 elementor-top-column elementor-element elementor-element-4c65b6c4 jltma-glass-effect-no\" data-id=\"4c65b6c4\" data-element_type=\"column\" data-e-type=\"column\">\n\t\t\t<div class=\"elementor-widget-wrap elementor-element-populated\">\n\t\t\t\t\t\t<div class=\"elementor-element elementor-element-1a8bb943 elementor-widget-divider--view-line jltma-glass-effect-no elementor-invisible elementor-widget elementor-widget-divider\" data-id=\"1a8bb943\" data-element_type=\"widget\" data-e-type=\"widget\" data-settings=\"{&quot;_animation&quot;:&quot;fadeInRight&quot;}\" data-widget_type=\"divider.default\">\n\t\t\t\t<div class=\"elementor-widget-container\">\n\t\t\t\t\t\t\t<div class=\"elementor-divider\">\n\t\t\t<span class=\"elementor-divider-separator\">\n\t\t\t\t\t\t<\/span>\n\t\t<\/div>\n\t\t\t\t\t\t<\/div>\n\t\t\t\t<\/div>\n\t\t\t\t<div class=\"elementor-element elementor-element-1aafd07 jltma-glass-effect-no elementor-widget elementor-widget-heading\" data-id=\"1aafd07\" data-element_type=\"widget\" data-e-type=\"widget\" data-widget_type=\"heading.default\">\n\t\t\t\t<div class=\"elementor-widget-container\">\n\t\t\t\t\t<h2 class=\"elementor-heading-title elementor-size-default\">Empfehlungen zur F\u00f6rderung der psychischen Gesundheit von Studierenden im Hochschulbereich<\/h2>\t\t\t\t<\/div>\n\t\t\t\t<\/div>\n\t\t\t\t\t<\/div>\n\t\t<\/div>\n\t\t\t\t<div class=\"elementor-column elementor-col-50 elementor-top-column elementor-element elementor-element-5492619b jltma-glass-effect-no\" data-id=\"5492619b\" data-element_type=\"column\" data-e-type=\"column\">\n\t\t\t<div class=\"elementor-widget-wrap elementor-element-populated\">\n\t\t\t\t\t\t<div class=\"elementor-element elementor-element-262f7092 animated-slow jltma-glass-effect-no elementor-invisible elementor-widget elementor-widget-image\" data-id=\"262f7092\" data-element_type=\"widget\" data-e-type=\"widget\" data-settings=\"{&quot;_animation&quot;:&quot;fadeIn&quot;}\" data-widget_type=\"image.default\">\n\t\t\t\t<div class=\"elementor-widget-container\">\n\t\t\t\t\t\t\t\t\t\t\t\t\t\t\t<img fetchpriority=\"high\" decoding=\"async\" width=\"2560\" height=\"1707\" src=\"https:\/\/sunmentors.eu\/wp-content\/uploads\/2025\/03\/people-meeting-community-center-scaled.jpg\" class=\"attachment-full size-full wp-image-791\" alt=\"\" srcset=\"https:\/\/sunmentors.eu\/wp-content\/uploads\/2025\/03\/people-meeting-community-center-scaled.jpg 2560w, https:\/\/sunmentors.eu\/wp-content\/uploads\/2025\/03\/people-meeting-community-center-300x200.jpg 300w, https:\/\/sunmentors.eu\/wp-content\/uploads\/2025\/03\/people-meeting-community-center-1024x683.jpg 1024w, https:\/\/sunmentors.eu\/wp-content\/uploads\/2025\/03\/people-meeting-community-center-768x512.jpg 768w, https:\/\/sunmentors.eu\/wp-content\/uploads\/2025\/03\/people-meeting-community-center-1536x1024.jpg 1536w, https:\/\/sunmentors.eu\/wp-content\/uploads\/2025\/03\/people-meeting-community-center-2048x1365.jpg 2048w\" sizes=\"(max-width: 2560px) 100vw, 2560px\" \/>\t\t\t\t\t\t\t\t\t\t\t\t\t\t\t<\/div>\n\t\t\t\t<\/div>\n\t\t\t\t\t<\/div>\n\t\t<\/div>\n\t\t\t\t\t<\/div>\n\t\t<\/section>\n\t\t\t\t<section class=\"elementor-section elementor-top-section elementor-element elementor-element-064e1f9 elementor-section-boxed elementor-section-height-default elementor-section-height-default jltma-glass-effect-no\" data-id=\"064e1f9\" data-element_type=\"section\" data-e-type=\"section\">\n\t\t\t\t\t\t<div class=\"elementor-container elementor-column-gap-default\">\n\t\t\t\t\t<div class=\"elementor-column elementor-col-100 elementor-top-column elementor-element elementor-element-9345908 jltma-glass-effect-no\" data-id=\"9345908\" data-element_type=\"column\" data-e-type=\"column\">\n\t\t\t<div class=\"elementor-widget-wrap elementor-element-populated\">\n\t\t\t\t\t\t<section class=\"elementor-section elementor-inner-section elementor-element elementor-element-ecfd99f elementor-section-boxed elementor-section-height-default elementor-section-height-default jltma-glass-effect-no\" data-id=\"ecfd99f\" data-element_type=\"section\" data-e-type=\"section\">\n\t\t\t\t\t\t<div class=\"elementor-container elementor-column-gap-default\">\n\t\t\t\t\t<div class=\"elementor-column elementor-col-50 elementor-inner-column elementor-element elementor-element-53970a1 jltma-glass-effect-no\" data-id=\"53970a1\" data-element_type=\"column\" data-e-type=\"column\" data-settings=\"{&quot;background_background&quot;:&quot;classic&quot;}\">\n\t\t\t<div class=\"elementor-widget-wrap elementor-element-populated\">\n\t\t\t\t\t\t<div class=\"elementor-element elementor-element-fd01a24 jltma-glass-effect-no elementor-widget elementor-widget-spacer\" data-id=\"fd01a24\" data-element_type=\"widget\" data-e-type=\"widget\" data-widget_type=\"spacer.default\">\n\t\t\t\t<div class=\"elementor-widget-container\">\n\t\t\t\t\t\t\t<div class=\"elementor-spacer\">\n\t\t\t<div class=\"elementor-spacer-inner\"><\/div>\n\t\t<\/div>\n\t\t\t\t\t\t<\/div>\n\t\t\t\t<\/div>\n\t\t\t\t\t<\/div>\n\t\t<\/div>\n\t\t\t\t<div class=\"elementor-column elementor-col-50 elementor-inner-column elementor-element elementor-element-b196e9c jltma-glass-effect-no\" data-id=\"b196e9c\" data-element_type=\"column\" data-e-type=\"column\">\n\t\t\t<div class=\"elementor-widget-wrap elementor-element-populated\">\n\t\t\t\t\t\t<div class=\"elementor-element elementor-element-88f1aa3 animated-slow jltma-glass-effect-no elementor-widget elementor-widget-text-editor\" data-id=\"88f1aa3\" data-element_type=\"widget\" data-e-type=\"widget\" data-settings=\"{&quot;_animation&quot;:&quot;none&quot;,&quot;_animation_delay&quot;:400}\" data-widget_type=\"text-editor.default\">\n\t\t\t\t<div class=\"elementor-widget-container\">\n\t\t\t\t\t\t\t\t\t<p>Die zunehmende Verbreitung psychischer Probleme unter Studierenden ist f\u00fcr Hochschuleinrichtungen in ganz Europa zu einem gro\u00dfen Anliegen geworden. Zunehmende Angstzust\u00e4nde, Depressionen und stressbedingte St\u00f6rungen beeintr\u00e4chtigen nicht nur das Wohlbefinden der Studierenden, sondern auch die akademischen Leistungen, die Verbleibquoten und das gesamte Lernumfeld. In Anerkennung dieser Herausforderungen hat das SUNMENTORS-Projekt ein <strong>Papier mit politischen Empfehlungen<\/strong> erarbeitet, das Hochschulen Leitlinien daf\u00fcr bietet, wie die psychische Gesundheit der Studierenden effektiver in die institutionelle Leitung und die Lehrpraxis integriert werden kann.<\/p><p>Die politischen Empfehlungen betonen, dass die psychische Gesundheit von Studierenden nicht ausschlie\u00dflich als individuelles Problem betrachtet werden sollte, das von Beratungsdiensten behandelt wird. Stattdessen sollte sie als <strong>systemische Herausforderung f\u00fcr die Governance<\/strong> anerkannt werden, die viele Aspekte des Universit\u00e4tslebens beeinflusst, darunter die Qualit\u00e4t der Lehre, den akademischen Erfolg und die institutionelle Stabilit\u00e4t. Universit\u00e4ten werden daher dazu ermutigt, einen strukturierteren und proaktiveren Ansatz f\u00fcr das Wohlbefinden der Studierenden zu verfolgen und das Bewusstsein f\u00fcr psychische Gesundheit in alle institutionellen Richtlinien und Praktiken zu integrieren.<\/p><p>Ein zentraler Schwerpunkt des Strategiepapiers ist die Rolle des <strong>Lehrpersonals<\/strong>. Dozierende und wissenschaftliche Mitarbeiter stehen oft in engem Kontakt mit Studierenden und bemerken h\u00e4ufig als Erste Anzeichen von psychischen Belastungen oder Desinteresse. Ohne klare institutionelle Rahmenbedingungen und Leitlinien sind Lehrende jedoch m\u00f6glicherweise unsicher, wie sie reagieren sollen oder an wen sie Studierende f\u00fcr weitere Unterst\u00fctzung verweisen k\u00f6nnen. Um diese L\u00fccke zu schlie\u00dfen, entwickelte das SUNMENTORS-Projekt ein spezielles <strong>E-Learning-Schulungsprogramm<\/strong>, das Lehrkr\u00e4fte mit wesentlichen Kompetenzen ausstattet, wie z. B. Wissen \u00fcber psychische Gesundheit, fr\u00fchzeitiges Erkennen von Warnsignalen, stigmatisierungssensible Kommunikation und Kenntnisse \u00fcber \u00dcberweisungswege.<\/p><p>Das Strategiepapier betont, dass Schulungen allein nicht ausreichen. Um eine echte Wirkung zu erzielen, muss die Kompetenz im Bereich psychische Gesundheit <strong>institutionell verankert<\/strong> sein. Dazu geh\u00f6rt die Integration von Schulungen in bestehende akademische Entwicklungsstrukturen wie Zentren f\u00fcr Lehre und Lernen, Einarbeitungsprogramme f\u00fcr Mitarbeiter und Systeme zur beruflichen Weiterentwicklung. Indem sie das Bewusstsein f\u00fcr psychische Gesundheit als Teil moderner Lehrkompetenz positionieren, k\u00f6nnen Universit\u00e4ten sicherstellen, dass diese F\u00e4higkeiten zu einem selbstverst\u00e4ndlichen Bestandteil der akademischen Praxis werden.<\/p><p>Eine weitere wichtige Empfehlung betrifft <strong>klare Organisationsstrukturen und Kommunikationskan\u00e4le<\/strong>. Universit\u00e4ten sollten transparente \u00dcberweisungsverfahren, Krisenprotokolle und Kommunikationsrichtlinien festlegen, damit das Lehrpersonal wei\u00df, wie es reagieren muss, wenn Studierende Unterst\u00fctzung ben\u00f6tigen. Klare institutionelle Richtlinien sch\u00fctzen nicht nur die Studierenden, sondern st\u00e4rken auch das Selbstvertrauen der Lehrenden und verringern Unsicherheiten in schwierigen Situationen.<\/p><p>Die politischen Empfehlungen heben zudem die Bedeutung von <strong>Inklusion und Gerechtigkeit<\/strong> hervor. Psychische Herausforderungen bei Studierenden stehen oft im Zusammenhang mit umfassenderen sozialen und strukturellen Ungleichheiten. Studierende aus benachteiligten Verh\u00e4ltnissen k\u00f6nnen zus\u00e4tzlichem Druck ausgesetzt sein, der mit finanzieller Unsicherheit, Wohnsituation, kulturellen Barrieren oder Diskriminierung zusammenh\u00e4ngt. Die Verankerung des Bewusstseins f\u00fcr psychische Gesundheit in Lehr- und Leitungsstrukturen kann daher zu inklusiveren Lernumgebungen beitragen und den Universit\u00e4ten helfen, eine vielf\u00e4ltige Studierendenschaft effektiver zu unterst\u00fctzen.<\/p><p>Schlie\u00dflich unterstreicht das Strategiepapier, dass eine nachhaltige Umsetzung ein <strong>langfristiges strategisches Engagement der Hochschulleitung<\/strong> erfordert. Leitungsgremien, Dekane und institutionelle Entscheidungstr\u00e4ger spielen eine entscheidende Rolle dabei, sicherzustellen, dass das Bewusstsein f\u00fcr psychische Gesundheit Teil der institutionellen Kultur wird. Durch koordinierte F\u00fchrung, klare Verfahren und kontinuierliche \u00dcberwachung k\u00f6nnen Universit\u00e4ten von vereinzelten Initiativen zu einem stabilen Governance-Ansatz \u00fcbergehen, der das Wohlbefinden der Studierenden f\u00f6rdert.<\/p><p>Durch praktische Empfehlungen und Leitlinien zur Governance leistet das SUNMENTORS-Strategiepapier einen Beitrag zu den laufenden europ\u00e4ischen Bem\u00fchungen, die Unterst\u00fctzung der psychischen Gesundheit von Studierenden im Hochschulbereich zu st\u00e4rken. Es ermutigt Universit\u00e4ten, das Wohlbefinden der Studierenden nicht als zus\u00e4tzliche Verantwortung, sondern als <strong>strategische Investition in Bildungsqualit\u00e4t, Inklusion und institutionelle Resilienz<\/strong> zu betrachten.<\/p>\t\t\t\t\t\t\t\t<\/div>\n\t\t\t\t<\/div>\n\t\t\t\t\t<\/div>\n\t\t<\/div>\n\t\t\t\t\t<\/div>\n\t\t<\/section>\n\t\t\t\t\t<\/div>\n\t\t<\/div>\n\t\t\t\t\t<\/div>\n\t\t<\/section>\n\t\t\t\t<section class=\"elementor-section elementor-top-section elementor-element elementor-element-9a406e3 elementor-section-boxed elementor-section-height-default elementor-section-height-default jltma-glass-effect-no\" data-id=\"9a406e3\" data-element_type=\"section\" data-e-type=\"section\">\n\t\t\t\t\t\t<div class=\"elementor-container elementor-column-gap-default\">\n\t\t\t\t\t<div class=\"elementor-column elementor-col-50 elementor-top-column elementor-element elementor-element-f01e548 jltma-glass-effect-no\" data-id=\"f01e548\" data-element_type=\"column\" data-e-type=\"column\">\n\t\t\t<div class=\"elementor-widget-wrap elementor-element-populated\">\n\t\t\t\t\t\t<div class=\"elementor-element elementor-element-897765c jltma-glass-effect-no elementor-widget elementor-widget-spacer\" data-id=\"897765c\" data-element_type=\"widget\" data-e-type=\"widget\" data-widget_type=\"spacer.default\">\n\t\t\t\t<div class=\"elementor-widget-container\">\n\t\t\t\t\t\t\t<div class=\"elementor-spacer\">\n\t\t\t<div class=\"elementor-spacer-inner\"><\/div>\n\t\t<\/div>\n\t\t\t\t\t\t<\/div>\n\t\t\t\t<\/div>\n\t\t\t\t<div class=\"elementor-element elementor-element-1e00eac jltma-glass-effect-no elementor-widget elementor-widget-text-editor\" data-id=\"1e00eac\" data-element_type=\"widget\" data-e-type=\"widget\" data-widget_type=\"text-editor.default\">\n\t\t\t\t<div class=\"elementor-widget-container\">\n\t\t\t\t\t\t\t\t\t<p>Funded by the European Union. Views and opinions expressed are however those of the author(s) only and do not necessarily reflect those of the European Union or the European Education and Culture Executive Agency (EACEA). Neither the European Union nor EACEA can be held responsible for them. 2023-1-DE01-KA220-HED-000161199<\/p>\t\t\t\t\t\t\t\t<\/div>\n\t\t\t\t<\/div>\n\t\t\t\t\t<\/div>\n\t\t<\/div>\n\t\t\t\t<div class=\"elementor-column elementor-col-50 elementor-top-column elementor-element elementor-element-43f6b9a jltma-glass-effect-no\" data-id=\"43f6b9a\" data-element_type=\"column\" data-e-type=\"column\">\n\t\t\t<div class=\"elementor-widget-wrap elementor-element-populated\">\n\t\t\t\t\t\t<div class=\"elementor-element elementor-element-849e53b jltma-glass-effect-no elementor-widget elementor-widget-spacer\" data-id=\"849e53b\" data-element_type=\"widget\" data-e-type=\"widget\" data-widget_type=\"spacer.default\">\n\t\t\t\t<div class=\"elementor-widget-container\">\n\t\t\t\t\t\t\t<div class=\"elementor-spacer\">\n\t\t\t<div class=\"elementor-spacer-inner\"><\/div>\n\t\t<\/div>\n\t\t\t\t\t\t<\/div>\n\t\t\t\t<\/div>\n\t\t\t\t<div class=\"elementor-element elementor-element-7cb2337 jltma-glass-effect-no elementor-widget elementor-widget-image\" data-id=\"7cb2337\" data-element_type=\"widget\" data-e-type=\"widget\" data-widget_type=\"image.default\">\n\t\t\t\t<div class=\"elementor-widget-container\">\n\t\t\t\t\t\t\t\t\t\t\t\t\t\t\t<img decoding=\"async\" width=\"300\" height=\"63\" src=\"https:\/\/sunmentors.eu\/wp-content\/uploads\/2024\/02\/EN_Co-funded_by_the_EU-transparent-300x63.png\" class=\"elementor-animation-pulse attachment-medium size-medium wp-image-170\" alt=\"\" srcset=\"https:\/\/sunmentors.eu\/wp-content\/uploads\/2024\/02\/EN_Co-funded_by_the_EU-transparent-300x63.png 300w, https:\/\/sunmentors.eu\/wp-content\/uploads\/2024\/02\/EN_Co-funded_by_the_EU-transparent-768x161.png 768w, https:\/\/sunmentors.eu\/wp-content\/uploads\/2024\/02\/EN_Co-funded_by_the_EU-transparent.png 1024w\" sizes=\"(max-width: 300px) 100vw, 300px\" \/>\t\t\t\t\t\t\t\t\t\t\t\t\t\t\t<\/div>\n\t\t\t\t<\/div>\n\t\t\t\t\t<\/div>\n\t\t<\/div>\n\t\t\t\t\t<\/div>\n\t\t<\/section>\n\t\t\t\t<section class=\"elementor-section elementor-top-section elementor-element elementor-element-5beba2c elementor-section-boxed elementor-section-height-default elementor-section-height-default jltma-glass-effect-no\" data-id=\"5beba2c\" data-element_type=\"section\" data-e-type=\"section\">\n\t\t\t\t\t\t<div class=\"elementor-container elementor-column-gap-default\">\n\t\t\t\t\t<div class=\"elementor-column elementor-col-100 elementor-top-column elementor-element elementor-element-c4c72fb jltma-glass-effect-no\" data-id=\"c4c72fb\" data-element_type=\"column\" data-e-type=\"column\">\n\t\t\t<div class=\"elementor-widget-wrap elementor-element-populated\">\n\t\t\t\t\t\t<div class=\"elementor-element elementor-element-4bc79da animated-slow jltma-glass-effect-no elementor-invisible elementor-widget elementor-widget-heading\" data-id=\"4bc79da\" data-element_type=\"widget\" data-e-type=\"widget\" data-settings=\"{&quot;_animation&quot;:&quot;zoomIn&quot;}\" data-widget_type=\"heading.default\">\n\t\t\t\t<div class=\"elementor-widget-container\">\n\t\t\t\t\t<h2 class=\"elementor-heading-title elementor-size-default\"><a href=\"https:\/\/sunmentors.eu\/?page_id=186\">Privacy Policy<\/a><\/h2>\t\t\t\t<\/div>\n\t\t\t\t<\/div>\n\t\t\t\t<div class=\"elementor-element elementor-element-797545e jltma-glass-effect-no elementor-widget elementor-widget-text-editor\" data-id=\"797545e\" data-element_type=\"widget\" data-e-type=\"widget\" data-widget_type=\"text-editor.default\">\n\t\t\t\t<div class=\"elementor-widget-container\">\n\t\t\t\t\t\t\t\t\t<p>\u00a9 2024 SUNMENTORS. All Rights Reserved Design &amp; Developed <img decoding=\"async\" class=\"emoji\" role=\"img\" draggable=\"false\" src=\"https:\/\/s.w.org\/images\/core\/emoji\/14.0.0\/svg\/1f510.svg\" alt=\"\ud83d\udd10\" \/> by <a href=\"http:\/\/www.innovationhive.eu\" target=\"_blank\" rel=\"noopener\">Innovation Hive<\/a><\/p>\t\t\t\t\t\t\t\t<\/div>\n\t\t\t\t<\/div>\n\t\t\t\t<div class=\"elementor-element elementor-element-24d3c62 jltma-glass-effect-no elementor-widget elementor-widget-spacer\" data-id=\"24d3c62\" data-element_type=\"widget\" data-e-type=\"widget\" data-widget_type=\"spacer.default\">\n\t\t\t\t<div class=\"elementor-widget-container\">\n\t\t\t\t\t\t\t<div class=\"elementor-spacer\">\n\t\t\t<div class=\"elementor-spacer-inner\"><\/div>\n\t\t<\/div>\n\t\t\t\t\t\t<\/div>\n\t\t\t\t<\/div>\n\t\t\t\t\t<\/div>\n\t\t<\/div>\n\t\t\t\t\t<\/div>\n\t\t<\/section>\n\t\t\t\t<\/div>\n\t\t","protected":false},"excerpt":{"rendered":"<p>Empfehlungen zur F\u00f6rderung der psychischen Gesundheit von Studierenden im Hochschulbereich Die zunehmende Verbreitung psychischer Probleme unter Studierenden ist f\u00fcr Hochschuleinrichtungen in ganz Europa zu einem gro\u00dfen Anliegen geworden. Zunehmende Angstzust\u00e4nde, Depressionen und stressbedingte St\u00f6rungen beeintr\u00e4chtigen nicht nur das Wohlbefinden der Studierenden, sondern auch die akademischen Leistungen, die Verbleibquoten und das gesamte Lernumfeld. In Anerkennung dieser&#8230;<\/p>\n","protected":false},"author":1,"featured_media":0,"parent":0,"menu_order":0,"comment_status":"closed","ping_status":"closed","template":"elementor_header_footer","meta":{"_monsterinsights_skip_tracking":false,"_monsterinsights_sitenote_active":false,"_monsterinsights_sitenote_note":"","_monsterinsights_sitenote_category":0,"_kad_post_transparent":"","_kad_post_title":"hide","_kad_post_layout":"fullwidth","_kad_post_sidebar_id":"","_kad_post_content_style":"unboxed","_kad_post_vertical_padding":"hide","_kad_post_feature":"hide","_kad_post_feature_position":"","_kad_post_header":false,"_kad_post_footer":false,"_kad_post_classname":"","footnotes":""},"class_list":["post-1282","page","type-page","status-publish","hentry"],"_links":{"self":[{"href":"https:\/\/sunmentors.eu\/index.php?rest_route=\/wp\/v2\/pages\/1282","targetHints":{"allow":["GET"]}}],"collection":[{"href":"https:\/\/sunmentors.eu\/index.php?rest_route=\/wp\/v2\/pages"}],"about":[{"href":"https:\/\/sunmentors.eu\/index.php?rest_route=\/wp\/v2\/types\/page"}],"author":[{"embeddable":true,"href":"https:\/\/sunmentors.eu\/index.php?rest_route=\/wp\/v2\/users\/1"}],"replies":[{"embeddable":true,"href":"https:\/\/sunmentors.eu\/index.php?rest_route=%2Fwp%2Fv2%2Fcomments&post=1282"}],"version-history":[{"count":4,"href":"https:\/\/sunmentors.eu\/index.php?rest_route=\/wp\/v2\/pages\/1282\/revisions"}],"predecessor-version":[{"id":1286,"href":"https:\/\/sunmentors.eu\/index.php?rest_route=\/wp\/v2\/pages\/1282\/revisions\/1286"}],"wp:attachment":[{"href":"https:\/\/sunmentors.eu\/index.php?rest_route=%2Fwp%2Fv2%2Fmedia&parent=1282"}],"curies":[{"name":"wp","href":"https:\/\/api.w.org\/{rel}","templated":true}]}}