{"id":1236,"date":"2026-03-26T16:15:38","date_gmt":"2026-03-26T16:15:38","guid":{"rendered":"https:\/\/sunmentors.eu\/?page_id=1236"},"modified":"2026-03-26T16:17:17","modified_gmt":"2026-03-26T16:17:17","slug":"raccomandazioni-politiche-di-sunmentors","status":"publish","type":"page","link":"https:\/\/sunmentors.eu\/?page_id=1236&lang=it","title":{"rendered":"Raccomandazioni politiche di SUNMENTORS"},"content":{"rendered":"\t\t<div data-elementor-type=\"wp-page\" data-elementor-id=\"1236\" class=\"elementor elementor-1236\" data-elementor-post-type=\"page\">\n\t\t\t\t\t\t<section class=\"elementor-section elementor-top-section elementor-element elementor-element-5606479 elementor-section-boxed elementor-section-height-default elementor-section-height-default jltma-glass-effect-no\" data-id=\"5606479\" data-element_type=\"section\" data-e-type=\"section\">\n\t\t\t\t\t\t<div class=\"elementor-container elementor-column-gap-default\">\n\t\t\t\t\t<div class=\"elementor-column elementor-col-100 elementor-top-column elementor-element elementor-element-ca94bf9 jltma-glass-effect-no\" data-id=\"ca94bf9\" data-element_type=\"column\" data-e-type=\"column\">\n\t\t\t<div class=\"elementor-widget-wrap elementor-element-populated\">\n\t\t\t\t\t\t<div class=\"elementor-element elementor-element-402b995 jltma-glass-effect-no elementor-widget elementor-widget-text-editor\" data-id=\"402b995\" data-element_type=\"widget\" data-e-type=\"widget\" data-widget_type=\"text-editor.default\">\n\t\t\t\t<div class=\"elementor-widget-container\">\n\t\t\t\t\t\t\t\t\t<p><span style=\"font-weight: 400;\">Il documento sulle raccomandazioni politiche di SUNMENTORS fornisce un quadro strategico per integrare la salute mentale degli studenti nella governance fondamentale degli istituti di istruzione superiore. Poich\u00e9 le difficolt\u00e0 legate alla salute mentale tra gli studenti continuano ad aumentare in tutta Europa, le universit\u00e0 sono chiamate ad andare oltre i servizi di sostegno isolati e ad adottare un approccio pi\u00f9 sistemico e esteso a tutta l\u2019istituzione.<\/span><\/p><p><span style=\"font-weight: 400;\">Questo documento traduce l&#8217;esperienza e i risultati del progetto SUNMENTORS in raccomandazioni concrete e basate su dati concreti rivolte ai decisori, tra cui i vertici universitari, i presidi e i responsabili politici. Sottolinea la necessit\u00e0 di integrare la consapevolezza e la competenza in materia di salute mentale nelle pratiche didattiche, nelle strutture istituzionali e nei sistemi di garanzia della qualit\u00e0, assicurando una risposta coerente e sostenibile a tutti i livelli dell&#8217;istruzione superiore.<\/span><\/p><p><span style=\"font-weight: 400;\">Il documento sottolinea il ruolo fondamentale del personale docente come primo punto di contatto per gli studenti in difficolt\u00e0, sottolineando al contempo l\u2019importanza di quadri istituzionali chiari, percorsi di riferimento e sostegno organizzativo. Propone strategie pratiche per integrare la formazione sulla salute mentale nei sistemi di sviluppo accademico esistenti, allineando le politiche alle pratiche quotidiane e rafforzando la resilienza istituzionale.<\/span><\/p><p><span style=\"font-weight: 400;\">Offrendo una prospettiva di governance globale, le Raccomandazioni politiche di SUNMENTORS mirano a sostenere gli istituti di istruzione superiore nella creazione di ambienti di apprendimento pi\u00f9 inclusivi, reattivi e sostenibili. In definitiva, il documento contribuisce a un pi\u00f9 ampio passaggio da approcci reattivi a modelli proattivi e preventivi di sostegno alla salute mentale degli studenti in tutta Europa.<\/span><\/p>\t\t\t\t\t\t\t\t<\/div>\n\t\t\t\t<\/div>\n\t\t\t\t<div class=\"elementor-element elementor-element-77b3def elementor-align-center jltma-glass-effect-no elementor-widget elementor-widget-button\" data-id=\"77b3def\" data-element_type=\"widget\" data-e-type=\"widget\" data-widget_type=\"button.default\">\n\t\t\t\t<div class=\"elementor-widget-container\">\n\t\t\t\t\t\t\t\t\t<div class=\"elementor-button-wrapper\">\n\t\t\t\t\t<a class=\"elementor-button elementor-button-link elementor-size-sm\" href=\"https:\/\/sunmentors.eu\/wp-content\/uploads\/2026\/03\/SUNMENTORS_Recommendations-for-policy-final-IT.pdf\" target=\"_blank\">\n\t\t\t\t\t\t<span class=\"elementor-button-content-wrapper\">\n\t\t\t\t\t\t\t\t\t<span class=\"elementor-button-text\">Download<\/span>\n\t\t\t\t\t<\/span>\n\t\t\t\t\t<\/a>\n\t\t\t\t<\/div>\n\t\t\t\t\t\t\t\t<\/div>\n\t\t\t\t<\/div>\n\t\t\t\t\t<\/div>\n\t\t<\/div>\n\t\t\t\t\t<\/div>\n\t\t<\/section>\n\t\t\t\t<section class=\"elementor-section elementor-top-section elementor-element elementor-element-e449b6d elementor-section-boxed elementor-section-height-default elementor-section-height-default jltma-glass-effect-no\" data-id=\"e449b6d\" data-element_type=\"section\" data-e-type=\"section\">\n\t\t\t\t\t\t<div class=\"elementor-container elementor-column-gap-default\">\n\t\t\t\t\t<div class=\"elementor-column elementor-col-100 elementor-top-column elementor-element elementor-element-bae7196 jltma-glass-effect-no\" data-id=\"bae7196\" data-element_type=\"column\" data-e-type=\"column\">\n\t\t\t<div class=\"elementor-widget-wrap\">\n\t\t\t\t\t\t\t<\/div>\n\t\t<\/div>\n\t\t\t\t\t<\/div>\n\t\t<\/section>\n\t\t\t\t<\/div>\n\t\t","protected":false},"excerpt":{"rendered":"<p>Il documento sulle raccomandazioni politiche di SUNMENTORS fornisce un quadro strategico per integrare la salute mentale degli studenti nella governance fondamentale degli istituti di istruzione superiore. Poich\u00e9 le difficolt\u00e0 legate alla salute mentale tra gli studenti continuano ad aumentare in tutta Europa, le universit\u00e0 sono chiamate ad andare oltre i servizi di sostegno isolati e&#8230;<\/p>\n","protected":false},"author":1,"featured_media":0,"parent":0,"menu_order":0,"comment_status":"closed","ping_status":"closed","template":"elementor_header_footer","meta":{"_monsterinsights_skip_tracking":false,"_monsterinsights_sitenote_active":false,"_monsterinsights_sitenote_note":"","_monsterinsights_sitenote_category":0,"_kad_post_transparent":"","_kad_post_title":"hide","_kad_post_layout":"fullwidth","_kad_post_sidebar_id":"","_kad_post_content_style":"unboxed","_kad_post_vertical_padding":"hide","_kad_post_feature":"hide","_kad_post_feature_position":"","_kad_post_header":false,"_kad_post_footer":false,"_kad_post_classname":"","footnotes":""},"class_list":["post-1236","page","type-page","status-publish","hentry"],"_links":{"self":[{"href":"https:\/\/sunmentors.eu\/index.php?rest_route=\/wp\/v2\/pages\/1236","targetHints":{"allow":["GET"]}}],"collection":[{"href":"https:\/\/sunmentors.eu\/index.php?rest_route=\/wp\/v2\/pages"}],"about":[{"href":"https:\/\/sunmentors.eu\/index.php?rest_route=\/wp\/v2\/types\/page"}],"author":[{"embeddable":true,"href":"https:\/\/sunmentors.eu\/index.php?rest_route=\/wp\/v2\/users\/1"}],"replies":[{"embeddable":true,"href":"https:\/\/sunmentors.eu\/index.php?rest_route=%2Fwp%2Fv2%2Fcomments&post=1236"}],"version-history":[{"count":3,"href":"https:\/\/sunmentors.eu\/index.php?rest_route=\/wp\/v2\/pages\/1236\/revisions"}],"predecessor-version":[{"id":1247,"href":"https:\/\/sunmentors.eu\/index.php?rest_route=\/wp\/v2\/pages\/1236\/revisions\/1247"}],"wp:attachment":[{"href":"https:\/\/sunmentors.eu\/index.php?rest_route=%2Fwp%2Fv2%2Fmedia&parent=1236"}],"curies":[{"name":"wp","href":"https:\/\/api.w.org\/{rel}","templated":true}]}}