{"id":1103,"date":"2025-12-26T14:20:18","date_gmt":"2025-12-26T14:20:18","guid":{"rendered":"https:\/\/sunmentors.eu\/?page_id=1103"},"modified":"2025-12-26T14:21:05","modified_gmt":"2025-12-26T14:21:05","slug":"pilotprojekt-zur-e-learning-plattform-sunmentors-von-der-theorie-zur-praxis","status":"publish","type":"page","link":"https:\/\/sunmentors.eu\/?page_id=1103&lang=de","title":{"rendered":"Pilotprojekt zur E-Learning-Plattform SUNMENTORS \u2013 Von der Theorie zur Praxis"},"content":{"rendered":"\t\t<div data-elementor-type=\"wp-page\" data-elementor-id=\"1103\" class=\"elementor elementor-1103\" data-elementor-post-type=\"page\">\n\t\t\t\t\t\t<section class=\"elementor-section elementor-top-section elementor-element elementor-element-472ac236 elementor-section-full_width elementor-section-height-default elementor-section-height-default jltma-glass-effect-no\" data-id=\"472ac236\" data-element_type=\"section\" data-e-type=\"section\">\n\t\t\t\t\t\t<div class=\"elementor-container elementor-column-gap-no\">\n\t\t\t\t\t<div class=\"elementor-column elementor-col-50 elementor-top-column elementor-element elementor-element-4c65b6c4 jltma-glass-effect-no\" data-id=\"4c65b6c4\" data-element_type=\"column\" data-e-type=\"column\">\n\t\t\t<div class=\"elementor-widget-wrap elementor-element-populated\">\n\t\t\t\t\t\t<div class=\"elementor-element elementor-element-1a8bb943 elementor-widget-divider--view-line jltma-glass-effect-no elementor-invisible elementor-widget elementor-widget-divider\" data-id=\"1a8bb943\" data-element_type=\"widget\" data-e-type=\"widget\" data-settings=\"{&quot;_animation&quot;:&quot;fadeInRight&quot;}\" data-widget_type=\"divider.default\">\n\t\t\t\t<div class=\"elementor-widget-container\">\n\t\t\t\t\t\t\t<div class=\"elementor-divider\">\n\t\t\t<span class=\"elementor-divider-separator\">\n\t\t\t\t\t\t<\/span>\n\t\t<\/div>\n\t\t\t\t\t\t<\/div>\n\t\t\t\t<\/div>\n\t\t\t\t<div class=\"elementor-element elementor-element-1aafd07 jltma-glass-effect-no elementor-widget elementor-widget-heading\" data-id=\"1aafd07\" data-element_type=\"widget\" data-e-type=\"widget\" data-widget_type=\"heading.default\">\n\t\t\t\t<div class=\"elementor-widget-container\">\n\t\t\t\t\t<h2 class=\"elementor-heading-title elementor-size-default\">Pilotprojekt zur E-Learning-Plattform SUNMENTORS \u2013 Von der Theorie zur Praxis<\/h2>\t\t\t\t<\/div>\n\t\t\t\t<\/div>\n\t\t\t\t\t<\/div>\n\t\t<\/div>\n\t\t\t\t<div class=\"elementor-column elementor-col-50 elementor-top-column elementor-element elementor-element-5492619b jltma-glass-effect-no\" data-id=\"5492619b\" data-element_type=\"column\" data-e-type=\"column\">\n\t\t\t<div class=\"elementor-widget-wrap elementor-element-populated\">\n\t\t\t\t\t\t<div class=\"elementor-element elementor-element-262f7092 animated-slow jltma-glass-effect-no elementor-invisible elementor-widget elementor-widget-image\" data-id=\"262f7092\" data-element_type=\"widget\" data-e-type=\"widget\" data-settings=\"{&quot;_animation&quot;:&quot;fadeIn&quot;}\" data-widget_type=\"image.default\">\n\t\t\t\t<div class=\"elementor-widget-container\">\n\t\t\t\t\t\t\t\t\t\t\t\t\t\t\t<img fetchpriority=\"high\" decoding=\"async\" width=\"2560\" height=\"1707\" src=\"https:\/\/sunmentors.eu\/wp-content\/uploads\/2025\/03\/people-meeting-community-center-scaled.jpg\" class=\"attachment-full size-full wp-image-791\" alt=\"\" srcset=\"https:\/\/sunmentors.eu\/wp-content\/uploads\/2025\/03\/people-meeting-community-center-scaled.jpg 2560w, https:\/\/sunmentors.eu\/wp-content\/uploads\/2025\/03\/people-meeting-community-center-300x200.jpg 300w, https:\/\/sunmentors.eu\/wp-content\/uploads\/2025\/03\/people-meeting-community-center-1024x683.jpg 1024w, https:\/\/sunmentors.eu\/wp-content\/uploads\/2025\/03\/people-meeting-community-center-768x512.jpg 768w, https:\/\/sunmentors.eu\/wp-content\/uploads\/2025\/03\/people-meeting-community-center-1536x1024.jpg 1536w, https:\/\/sunmentors.eu\/wp-content\/uploads\/2025\/03\/people-meeting-community-center-2048x1365.jpg 2048w\" sizes=\"(max-width: 2560px) 100vw, 2560px\" \/>\t\t\t\t\t\t\t\t\t\t\t\t\t\t\t<\/div>\n\t\t\t\t<\/div>\n\t\t\t\t\t<\/div>\n\t\t<\/div>\n\t\t\t\t\t<\/div>\n\t\t<\/section>\n\t\t\t\t<section class=\"elementor-section elementor-top-section elementor-element elementor-element-064e1f9 elementor-section-boxed elementor-section-height-default elementor-section-height-default jltma-glass-effect-no\" data-id=\"064e1f9\" data-element_type=\"section\" data-e-type=\"section\">\n\t\t\t\t\t\t<div class=\"elementor-container elementor-column-gap-default\">\n\t\t\t\t\t<div class=\"elementor-column elementor-col-100 elementor-top-column elementor-element elementor-element-9345908 jltma-glass-effect-no\" data-id=\"9345908\" data-element_type=\"column\" data-e-type=\"column\">\n\t\t\t<div class=\"elementor-widget-wrap elementor-element-populated\">\n\t\t\t\t\t\t<section class=\"elementor-section elementor-inner-section elementor-element elementor-element-ecfd99f elementor-section-boxed elementor-section-height-default elementor-section-height-default jltma-glass-effect-no\" data-id=\"ecfd99f\" data-element_type=\"section\" data-e-type=\"section\">\n\t\t\t\t\t\t<div class=\"elementor-container elementor-column-gap-default\">\n\t\t\t\t\t<div class=\"elementor-column elementor-col-50 elementor-inner-column elementor-element elementor-element-53970a1 jltma-glass-effect-no\" data-id=\"53970a1\" data-element_type=\"column\" data-e-type=\"column\" data-settings=\"{&quot;background_background&quot;:&quot;classic&quot;}\">\n\t\t\t<div class=\"elementor-widget-wrap elementor-element-populated\">\n\t\t\t\t\t\t<div class=\"elementor-element elementor-element-fd01a24 jltma-glass-effect-no elementor-widget elementor-widget-spacer\" data-id=\"fd01a24\" data-element_type=\"widget\" data-e-type=\"widget\" data-widget_type=\"spacer.default\">\n\t\t\t\t<div class=\"elementor-widget-container\">\n\t\t\t\t\t\t\t<div class=\"elementor-spacer\">\n\t\t\t<div class=\"elementor-spacer-inner\"><\/div>\n\t\t<\/div>\n\t\t\t\t\t\t<\/div>\n\t\t\t\t<\/div>\n\t\t\t\t\t<\/div>\n\t\t<\/div>\n\t\t\t\t<div class=\"elementor-column elementor-col-50 elementor-inner-column elementor-element elementor-element-b196e9c jltma-glass-effect-no\" data-id=\"b196e9c\" data-element_type=\"column\" data-e-type=\"column\">\n\t\t\t<div class=\"elementor-widget-wrap elementor-element-populated\">\n\t\t\t\t\t\t<div class=\"elementor-element elementor-element-88f1aa3 animated-slow jltma-glass-effect-no elementor-widget elementor-widget-text-editor\" data-id=\"88f1aa3\" data-element_type=\"widget\" data-e-type=\"widget\" data-settings=\"{&quot;_animation&quot;:&quot;none&quot;,&quot;_animation_delay&quot;:400}\" data-widget_type=\"text-editor.default\">\n\t\t\t\t<div class=\"elementor-widget-container\">\n\t\t\t\t\t\t\t\t\t<p>Das SUNMENTORS-Projekt ist nun in eine seiner wichtigsten Phasen eingetreten: das Pilotprojekt zur E-Learning-Plattform<strong>.<\/strong> An den Partneruniversit\u00e4ten in Europa besch\u00e4ftigen sich die Lehrkr\u00e4fte intensiv mit den neu entwickelten Schulungsmodulen und setzen damit die Ergebnisse monatelanger Zusammenarbeit in die akademische Praxis um.<\/p><p>Diese Pilotveranstaltungen markieren einen wichtigen \u00dcbergang f\u00fcr das Projekt, n\u00e4mlich den \u00dcbergang von der Lehrplanentwicklung zur praktischen Anwendung und Bewertung. Die E-Learning-Plattform, die Lehrkr\u00e4fte an Hochschulen dabei unterst\u00fctzen soll, sich mit der psychischen Gesundheit von Studierenden auseinanderzusetzen, wird derzeit in Deutschland, Griechenland, Belgien und Gro\u00dfbritannien getestet, wobei der Schwerpunkt auf zwei der h\u00e4ufigsten psychischen Probleme im Hochschulbereich liegt: Angstzust\u00e4nde und Depressionen.<\/p><p><strong>Testen in realen akademischen Umgebungen<\/strong><\/p><p>W\u00e4hrend der Pilotphase navigieren Dozenten aus verschiedenen Fachbereichen und mit unterschiedlicher Erfahrung durch die Plattform und erkunden ihre interaktiven Lerneinheiten, Fallstudien und praktischen \u00dcbungen. Zu den Teilnehmern geh\u00f6ren sowohl Mitarbeiter, die bereits an fr\u00fcheren Beratungsworkshops des Projekts teilgenommen haben, als auch neue Dozenten, die zum ersten Mal mit dem SUNMENTORS-Ansatz in Ber\u00fchrung kommen.<\/p><p>Diese Vielfalt ist beabsichtigt. Durch die Einbeziehung von Lehrkr\u00e4ften mit unterschiedlichem Kenntnisstand zu Themen der psychischen Gesundheit stellt das Projektteam sicher, dass die Plattform zug\u00e4nglich, relevant und anpassungsf\u00e4hig f\u00fcr verschiedene Disziplinen und institutionelle Kontexte ist.<\/p><p><strong>Lernen, Reflektieren und Feedback geben<\/strong><\/p><p>Bei den Pilotveranstaltungen geht es nicht nur um die Teilnahme, sondern auch um Reflexion und Verbesserung. Die Lehrkr\u00e4fte sind eingeladen, ihre Erfahrungen in Frageb\u00f6gen vor und nach der Bewertung sowie in qualitativem Feedback mitzuteilen. Diese Erkenntnisse konzentrieren sich auf:<\/p><ul><li>Klarheit und Relevanz der Inhalte<\/li><li>Benutzerfreundlichkeit und Navigation der Plattform<\/li><li>wahrgenommene Steigerung des Selbstvertrauens bei der Unterst\u00fctzung von Studierenden<\/li><li>praktische Anwendbarkeit in allt\u00e4glichen Unterrichtssituationen<\/li><\/ul><p>\u00a0<\/p><p>Diese strukturierte Bewertung erm\u00f6glicht es der Partnerschaft zu beurteilen, wie effektiv die Schulung das Bewusstsein f\u00fcr psychische Gesundheit, die Kommunikationsf\u00e4higkeiten und die Grenzsetzung unter den Universit\u00e4tsmitarbeitenden st\u00e4rkt.<\/p><p><strong>St\u00e4rkung von Qualit\u00e4t und Wirkung<\/strong><\/p><p>Das w\u00e4hrend der Pilotphase gesammelte Feedback flie\u00dft direkt in die endg\u00fcltige \u00dcberarbeitung der E-Learning-Plattform ein. Es werden Anpassungen an Inhalten, Struktur und technischen Funktionen vorgenommen, um sicherzustellen, dass die Schulung den tats\u00e4chlichen Bed\u00fcrfnissen entspricht, die von Lehrenden in ganz Europa identifiziert wurden.<\/p><p>\u00dcber die Verbesserung der Plattform selbst hinaus unterst\u00fctzt die Pilotphase auch ein \u00fcbergeordnetes Ziel von SUNMENTORS: die Verankerung des Bewusstseins f\u00fcr psychische Gesundheit in inklusiven Hochschulstrategien. Die gewonnenen Erkenntnisse helfen den Partnerinstitutionen dabei, zu reflektieren, wie digitale Schulungen bestehende Unterst\u00fctzungsangebote erg\u00e4nzen und zu einem langfristigen kulturellen Wandel im Hochschulbereich beitragen k\u00f6nnen.<\/p><p><strong>Ausblick<\/strong><\/p><p>Mit der Fortsetzung der Pilotveranstaltungen ist SUNMENTORS der Bereitstellung eines validierten, frei zug\u00e4nglichen E-Learning-Tools, das von Hochschuleinrichtungen in ganz Europa genutzt werden kann, einen Schritt n\u00e4her gekommen. Die in dieser Phase gewonnenen Erkenntnisse werden nicht nur die Plattform st\u00e4rken, sondern auch die zuk\u00fcnftige Verbreitung, die institutionelle Akzeptanz und politische Empfehlungen beeinflussen.<\/p><p>Der Weg vom Konzept zur Praxis ist in vollem Gange, und die Stimmen der Lehrkr\u00e4fte pr\u00e4gen das Endergebnis.<\/p><p><em>Folgen Sie SUNMENTORS auf LinkedIn, Instagram und Facebook, um \u00fcber die Pilotphase und die n\u00e4chsten Meilensteine des Projekts auf dem Laufenden zu bleiben.<\/em><\/p>\t\t\t\t\t\t\t\t<\/div>\n\t\t\t\t<\/div>\n\t\t\t\t\t<\/div>\n\t\t<\/div>\n\t\t\t\t\t<\/div>\n\t\t<\/section>\n\t\t\t\t\t<\/div>\n\t\t<\/div>\n\t\t\t\t\t<\/div>\n\t\t<\/section>\n\t\t\t\t<section class=\"elementor-section elementor-top-section elementor-element elementor-element-9a406e3 elementor-section-boxed elementor-section-height-default elementor-section-height-default jltma-glass-effect-no\" data-id=\"9a406e3\" data-element_type=\"section\" data-e-type=\"section\">\n\t\t\t\t\t\t<div class=\"elementor-container elementor-column-gap-default\">\n\t\t\t\t\t<div class=\"elementor-column elementor-col-50 elementor-top-column elementor-element elementor-element-f01e548 jltma-glass-effect-no\" data-id=\"f01e548\" data-element_type=\"column\" data-e-type=\"column\">\n\t\t\t<div class=\"elementor-widget-wrap elementor-element-populated\">\n\t\t\t\t\t\t<div class=\"elementor-element elementor-element-897765c jltma-glass-effect-no elementor-widget elementor-widget-spacer\" data-id=\"897765c\" data-element_type=\"widget\" data-e-type=\"widget\" data-widget_type=\"spacer.default\">\n\t\t\t\t<div class=\"elementor-widget-container\">\n\t\t\t\t\t\t\t<div class=\"elementor-spacer\">\n\t\t\t<div class=\"elementor-spacer-inner\"><\/div>\n\t\t<\/div>\n\t\t\t\t\t\t<\/div>\n\t\t\t\t<\/div>\n\t\t\t\t<div class=\"elementor-element elementor-element-1e00eac jltma-glass-effect-no elementor-widget elementor-widget-text-editor\" data-id=\"1e00eac\" data-element_type=\"widget\" data-e-type=\"widget\" data-widget_type=\"text-editor.default\">\n\t\t\t\t<div class=\"elementor-widget-container\">\n\t\t\t\t\t\t\t\t\t<p>Funded by the European Union. Views and opinions expressed are however those of the author(s) only and do not necessarily reflect those of the European Union or the European Education and Culture Executive Agency (EACEA). Neither the European Union nor EACEA can be held responsible for them. 2023-1-DE01-KA220-HED-000161199<\/p>\t\t\t\t\t\t\t\t<\/div>\n\t\t\t\t<\/div>\n\t\t\t\t\t<\/div>\n\t\t<\/div>\n\t\t\t\t<div class=\"elementor-column elementor-col-50 elementor-top-column elementor-element elementor-element-43f6b9a jltma-glass-effect-no\" data-id=\"43f6b9a\" data-element_type=\"column\" data-e-type=\"column\">\n\t\t\t<div class=\"elementor-widget-wrap elementor-element-populated\">\n\t\t\t\t\t\t<div class=\"elementor-element elementor-element-849e53b jltma-glass-effect-no elementor-widget elementor-widget-spacer\" data-id=\"849e53b\" data-element_type=\"widget\" data-e-type=\"widget\" data-widget_type=\"spacer.default\">\n\t\t\t\t<div class=\"elementor-widget-container\">\n\t\t\t\t\t\t\t<div class=\"elementor-spacer\">\n\t\t\t<div class=\"elementor-spacer-inner\"><\/div>\n\t\t<\/div>\n\t\t\t\t\t\t<\/div>\n\t\t\t\t<\/div>\n\t\t\t\t<div class=\"elementor-element elementor-element-7cb2337 jltma-glass-effect-no elementor-widget elementor-widget-image\" data-id=\"7cb2337\" data-element_type=\"widget\" data-e-type=\"widget\" data-widget_type=\"image.default\">\n\t\t\t\t<div class=\"elementor-widget-container\">\n\t\t\t\t\t\t\t\t\t\t\t\t\t\t\t<img decoding=\"async\" width=\"300\" height=\"63\" src=\"https:\/\/sunmentors.eu\/wp-content\/uploads\/2024\/02\/EN_Co-funded_by_the_EU-transparent-300x63.png\" class=\"elementor-animation-pulse attachment-medium size-medium wp-image-170\" alt=\"\" srcset=\"https:\/\/sunmentors.eu\/wp-content\/uploads\/2024\/02\/EN_Co-funded_by_the_EU-transparent-300x63.png 300w, https:\/\/sunmentors.eu\/wp-content\/uploads\/2024\/02\/EN_Co-funded_by_the_EU-transparent-768x161.png 768w, https:\/\/sunmentors.eu\/wp-content\/uploads\/2024\/02\/EN_Co-funded_by_the_EU-transparent.png 1024w\" sizes=\"(max-width: 300px) 100vw, 300px\" \/>\t\t\t\t\t\t\t\t\t\t\t\t\t\t\t<\/div>\n\t\t\t\t<\/div>\n\t\t\t\t\t<\/div>\n\t\t<\/div>\n\t\t\t\t\t<\/div>\n\t\t<\/section>\n\t\t\t\t<section class=\"elementor-section elementor-top-section elementor-element elementor-element-5beba2c elementor-section-boxed elementor-section-height-default elementor-section-height-default jltma-glass-effect-no\" data-id=\"5beba2c\" data-element_type=\"section\" data-e-type=\"section\">\n\t\t\t\t\t\t<div class=\"elementor-container elementor-column-gap-default\">\n\t\t\t\t\t<div class=\"elementor-column elementor-col-100 elementor-top-column elementor-element elementor-element-c4c72fb jltma-glass-effect-no\" data-id=\"c4c72fb\" data-element_type=\"column\" data-e-type=\"column\">\n\t\t\t<div class=\"elementor-widget-wrap elementor-element-populated\">\n\t\t\t\t\t\t<div class=\"elementor-element elementor-element-4bc79da animated-slow jltma-glass-effect-no elementor-invisible elementor-widget elementor-widget-heading\" data-id=\"4bc79da\" data-element_type=\"widget\" data-e-type=\"widget\" data-settings=\"{&quot;_animation&quot;:&quot;zoomIn&quot;}\" data-widget_type=\"heading.default\">\n\t\t\t\t<div class=\"elementor-widget-container\">\n\t\t\t\t\t<h2 class=\"elementor-heading-title elementor-size-default\"><a href=\"https:\/\/sunmentors.eu\/?page_id=186\">Privacy Policy<\/a><\/h2>\t\t\t\t<\/div>\n\t\t\t\t<\/div>\n\t\t\t\t<div class=\"elementor-element elementor-element-797545e jltma-glass-effect-no elementor-widget elementor-widget-text-editor\" data-id=\"797545e\" data-element_type=\"widget\" data-e-type=\"widget\" data-widget_type=\"text-editor.default\">\n\t\t\t\t<div class=\"elementor-widget-container\">\n\t\t\t\t\t\t\t\t\t<p>\u00a9 2024 SUNMENTORS. All Rights Reserved Design &amp; Developed <img decoding=\"async\" class=\"emoji\" role=\"img\" draggable=\"false\" src=\"https:\/\/s.w.org\/images\/core\/emoji\/14.0.0\/svg\/1f510.svg\" alt=\"\ud83d\udd10\" \/> by <a href=\"http:\/\/www.innovationhive.eu\" target=\"_blank\" rel=\"noopener\">Innovation Hive<\/a><\/p>\t\t\t\t\t\t\t\t<\/div>\n\t\t\t\t<\/div>\n\t\t\t\t<div class=\"elementor-element elementor-element-24d3c62 jltma-glass-effect-no elementor-widget elementor-widget-spacer\" data-id=\"24d3c62\" data-element_type=\"widget\" data-e-type=\"widget\" data-widget_type=\"spacer.default\">\n\t\t\t\t<div class=\"elementor-widget-container\">\n\t\t\t\t\t\t\t<div class=\"elementor-spacer\">\n\t\t\t<div class=\"elementor-spacer-inner\"><\/div>\n\t\t<\/div>\n\t\t\t\t\t\t<\/div>\n\t\t\t\t<\/div>\n\t\t\t\t\t<\/div>\n\t\t<\/div>\n\t\t\t\t\t<\/div>\n\t\t<\/section>\n\t\t\t\t<\/div>\n\t\t","protected":false},"excerpt":{"rendered":"<p>Pilotprojekt zur E-Learning-Plattform SUNMENTORS \u2013 Von der Theorie zur Praxis Das SUNMENTORS-Projekt ist nun in eine seiner wichtigsten Phasen eingetreten: das Pilotprojekt zur E-Learning-Plattform. An den Partneruniversit\u00e4ten in Europa besch\u00e4ftigen sich die Lehrkr\u00e4fte intensiv mit den neu entwickelten Schulungsmodulen und setzen damit die Ergebnisse monatelanger Zusammenarbeit in die akademische Praxis um. Diese Pilotveranstaltungen markieren einen&#8230;<\/p>\n","protected":false},"author":1,"featured_media":0,"parent":0,"menu_order":0,"comment_status":"closed","ping_status":"closed","template":"elementor_header_footer","meta":{"_monsterinsights_skip_tracking":false,"_monsterinsights_sitenote_active":false,"_monsterinsights_sitenote_note":"","_monsterinsights_sitenote_category":0,"_kad_post_transparent":"","_kad_post_title":"hide","_kad_post_layout":"fullwidth","_kad_post_sidebar_id":"","_kad_post_content_style":"unboxed","_kad_post_vertical_padding":"hide","_kad_post_feature":"hide","_kad_post_feature_position":"","_kad_post_header":false,"_kad_post_footer":false,"_kad_post_classname":"","footnotes":""},"class_list":["post-1103","page","type-page","status-publish","hentry"],"_links":{"self":[{"href":"https:\/\/sunmentors.eu\/index.php?rest_route=\/wp\/v2\/pages\/1103","targetHints":{"allow":["GET"]}}],"collection":[{"href":"https:\/\/sunmentors.eu\/index.php?rest_route=\/wp\/v2\/pages"}],"about":[{"href":"https:\/\/sunmentors.eu\/index.php?rest_route=\/wp\/v2\/types\/page"}],"author":[{"embeddable":true,"href":"https:\/\/sunmentors.eu\/index.php?rest_route=\/wp\/v2\/users\/1"}],"replies":[{"embeddable":true,"href":"https:\/\/sunmentors.eu\/index.php?rest_route=%2Fwp%2Fv2%2Fcomments&post=1103"}],"version-history":[{"count":4,"href":"https:\/\/sunmentors.eu\/index.php?rest_route=\/wp\/v2\/pages\/1103\/revisions"}],"predecessor-version":[{"id":1112,"href":"https:\/\/sunmentors.eu\/index.php?rest_route=\/wp\/v2\/pages\/1103\/revisions\/1112"}],"wp:attachment":[{"href":"https:\/\/sunmentors.eu\/index.php?rest_route=%2Fwp%2Fv2%2Fmedia&parent=1103"}],"curies":[{"name":"wp","href":"https:\/\/api.w.org\/{rel}","templated":true}]}}