{"id":1078,"date":"2025-12-26T14:10:18","date_gmt":"2025-12-26T14:10:18","guid":{"rendered":"https:\/\/sunmentors.eu\/?page_id=1078"},"modified":"2025-12-26T14:10:40","modified_gmt":"2025-12-26T14:10:40","slug":"arbeitspaket-3-entwicklung-eines-lehrplans-fuer-die-psychische-gesundheitsfoerderung-an-universitaeten","status":"publish","type":"page","link":"https:\/\/sunmentors.eu\/?page_id=1078&lang=de","title":{"rendered":"Arbeitspaket 3: Entwicklung eines Lehrplans f\u00fcr die psychische Gesundheitsf\u00f6rderung an Universit\u00e4ten"},"content":{"rendered":"\t\t<div data-elementor-type=\"wp-page\" data-elementor-id=\"1078\" class=\"elementor elementor-1078\" data-elementor-post-type=\"page\">\n\t\t\t\t\t\t<section class=\"elementor-section elementor-top-section elementor-element elementor-element-472ac236 elementor-section-full_width elementor-section-height-default elementor-section-height-default jltma-glass-effect-no\" data-id=\"472ac236\" data-element_type=\"section\" data-e-type=\"section\">\n\t\t\t\t\t\t<div class=\"elementor-container elementor-column-gap-no\">\n\t\t\t\t\t<div class=\"elementor-column elementor-col-50 elementor-top-column elementor-element elementor-element-4c65b6c4 jltma-glass-effect-no\" data-id=\"4c65b6c4\" data-element_type=\"column\" data-e-type=\"column\">\n\t\t\t<div class=\"elementor-widget-wrap elementor-element-populated\">\n\t\t\t\t\t\t<div class=\"elementor-element elementor-element-1a8bb943 elementor-widget-divider--view-line jltma-glass-effect-no elementor-invisible elementor-widget elementor-widget-divider\" data-id=\"1a8bb943\" data-element_type=\"widget\" data-e-type=\"widget\" data-settings=\"{&quot;_animation&quot;:&quot;fadeInRight&quot;}\" data-widget_type=\"divider.default\">\n\t\t\t\t<div class=\"elementor-widget-container\">\n\t\t\t\t\t\t\t<div class=\"elementor-divider\">\n\t\t\t<span class=\"elementor-divider-separator\">\n\t\t\t\t\t\t<\/span>\n\t\t<\/div>\n\t\t\t\t\t\t<\/div>\n\t\t\t\t<\/div>\n\t\t\t\t<div class=\"elementor-element elementor-element-1aafd07 jltma-glass-effect-no elementor-widget elementor-widget-heading\" data-id=\"1aafd07\" data-element_type=\"widget\" data-e-type=\"widget\" data-widget_type=\"heading.default\">\n\t\t\t\t<div class=\"elementor-widget-container\">\n\t\t\t\t\t<h2 class=\"elementor-heading-title elementor-size-default\">Arbeitspaket 3: Entwicklung eines Lehrplans f\u00fcr die psychische Gesundheitsf\u00f6rderung an Universit\u00e4ten<\/h2>\t\t\t\t<\/div>\n\t\t\t\t<\/div>\n\t\t\t\t\t<\/div>\n\t\t<\/div>\n\t\t\t\t<div class=\"elementor-column elementor-col-50 elementor-top-column elementor-element elementor-element-5492619b jltma-glass-effect-no\" data-id=\"5492619b\" data-element_type=\"column\" data-e-type=\"column\">\n\t\t\t<div class=\"elementor-widget-wrap elementor-element-populated\">\n\t\t\t\t\t\t<div class=\"elementor-element elementor-element-262f7092 animated-slow jltma-glass-effect-no elementor-invisible elementor-widget elementor-widget-image\" data-id=\"262f7092\" data-element_type=\"widget\" data-e-type=\"widget\" data-settings=\"{&quot;_animation&quot;:&quot;fadeIn&quot;}\" data-widget_type=\"image.default\">\n\t\t\t\t<div class=\"elementor-widget-container\">\n\t\t\t\t\t\t\t\t\t\t\t\t\t\t\t<img fetchpriority=\"high\" decoding=\"async\" width=\"2560\" height=\"1707\" src=\"https:\/\/sunmentors.eu\/wp-content\/uploads\/2025\/03\/people-meeting-community-center-scaled.jpg\" class=\"attachment-full size-full wp-image-791\" alt=\"\" srcset=\"https:\/\/sunmentors.eu\/wp-content\/uploads\/2025\/03\/people-meeting-community-center-scaled.jpg 2560w, https:\/\/sunmentors.eu\/wp-content\/uploads\/2025\/03\/people-meeting-community-center-300x200.jpg 300w, https:\/\/sunmentors.eu\/wp-content\/uploads\/2025\/03\/people-meeting-community-center-1024x683.jpg 1024w, https:\/\/sunmentors.eu\/wp-content\/uploads\/2025\/03\/people-meeting-community-center-768x512.jpg 768w, https:\/\/sunmentors.eu\/wp-content\/uploads\/2025\/03\/people-meeting-community-center-1536x1024.jpg 1536w, https:\/\/sunmentors.eu\/wp-content\/uploads\/2025\/03\/people-meeting-community-center-2048x1365.jpg 2048w\" sizes=\"(max-width: 2560px) 100vw, 2560px\" \/>\t\t\t\t\t\t\t\t\t\t\t\t\t\t\t<\/div>\n\t\t\t\t<\/div>\n\t\t\t\t\t<\/div>\n\t\t<\/div>\n\t\t\t\t\t<\/div>\n\t\t<\/section>\n\t\t\t\t<section class=\"elementor-section elementor-top-section elementor-element elementor-element-064e1f9 elementor-section-boxed elementor-section-height-default elementor-section-height-default jltma-glass-effect-no\" data-id=\"064e1f9\" data-element_type=\"section\" data-e-type=\"section\">\n\t\t\t\t\t\t<div class=\"elementor-container elementor-column-gap-default\">\n\t\t\t\t\t<div class=\"elementor-column elementor-col-100 elementor-top-column elementor-element elementor-element-9345908 jltma-glass-effect-no\" data-id=\"9345908\" data-element_type=\"column\" data-e-type=\"column\">\n\t\t\t<div class=\"elementor-widget-wrap elementor-element-populated\">\n\t\t\t\t\t\t<section class=\"elementor-section elementor-inner-section elementor-element elementor-element-ecfd99f elementor-section-boxed elementor-section-height-default elementor-section-height-default jltma-glass-effect-no\" data-id=\"ecfd99f\" data-element_type=\"section\" data-e-type=\"section\">\n\t\t\t\t\t\t<div class=\"elementor-container elementor-column-gap-default\">\n\t\t\t\t\t<div class=\"elementor-column elementor-col-50 elementor-inner-column elementor-element elementor-element-53970a1 jltma-glass-effect-no\" data-id=\"53970a1\" data-element_type=\"column\" data-e-type=\"column\" data-settings=\"{&quot;background_background&quot;:&quot;classic&quot;}\">\n\t\t\t<div class=\"elementor-widget-wrap elementor-element-populated\">\n\t\t\t\t\t\t<div class=\"elementor-element elementor-element-fd01a24 jltma-glass-effect-no elementor-widget elementor-widget-spacer\" data-id=\"fd01a24\" data-element_type=\"widget\" data-e-type=\"widget\" data-widget_type=\"spacer.default\">\n\t\t\t\t<div class=\"elementor-widget-container\">\n\t\t\t\t\t\t\t<div class=\"elementor-spacer\">\n\t\t\t<div class=\"elementor-spacer-inner\"><\/div>\n\t\t<\/div>\n\t\t\t\t\t\t<\/div>\n\t\t\t\t<\/div>\n\t\t\t\t\t<\/div>\n\t\t<\/div>\n\t\t\t\t<div class=\"elementor-column elementor-col-50 elementor-inner-column elementor-element elementor-element-b196e9c jltma-glass-effect-no\" data-id=\"b196e9c\" data-element_type=\"column\" data-e-type=\"column\">\n\t\t\t<div class=\"elementor-widget-wrap elementor-element-populated\">\n\t\t\t\t\t\t<div class=\"elementor-element elementor-element-88f1aa3 animated-slow jltma-glass-effect-no elementor-widget elementor-widget-text-editor\" data-id=\"88f1aa3\" data-element_type=\"widget\" data-e-type=\"widget\" data-settings=\"{&quot;_animation&quot;:&quot;none&quot;,&quot;_animation_delay&quot;:400}\" data-widget_type=\"text-editor.default\">\n\t\t\t\t<div class=\"elementor-widget-container\">\n\t\t\t\t\t\t\t\t\t<p>Einer der wichtigsten Bestandteile des SUNMENTORS-Projekts ist das <strong>Arbeitspaket 3 (WP3)<\/strong>. In dieser Phase geht es darum, einen <strong>praktischen Lehrplan<\/strong> zu erstellen, der Dozenten und Lehrkr\u00e4ften an Universit\u00e4ten dabei hilft, sich sicherer und kompetenter zu f\u00fchlen, wenn sie Studierende unterst\u00fctzen, die mit ihrer psychischen Gesundheit zu k\u00e4mpfen haben.<\/p><p><strong>Warum das wichtig ist<\/strong><\/p><p>Das Universit\u00e4tsleben kann stressig sein, und Probleme wie <strong>Angstzust\u00e4nde und Depressionen<\/strong> treten unter Studierenden immer h\u00e4ufiger auf. Lehrkr\u00e4fte sind oft die ersten, die bemerken, wenn ein Studierender Probleme hat, aber viele f\u00fchlen sich nicht darauf vorbereitet, richtig zu reagieren. WP3 soll das \u00e4ndern.<\/p><p><strong>Was wir erstellen<\/strong><\/p><p>Gemeinsam entwerfen alle Projektpartner ein <strong>Handbuch und einen Schulungslehrplan<\/strong>, der Folgendes umfasst:<\/p><ul><li>Erl\u00e4uterung, wie man die ersten Anzeichen einer psychischen Belastung erkennt.<\/li><li>Anleitungen gibt, wie man in Krisensituationen wie Panikattacken reagieren sollte.<\/li><li>Tipps bietet, wie man sensible Gespr\u00e4che \u00fcber psychische Gesundheit beginnen kann.<\/li><li>Die Rolle des Lehrpersonals kl\u00e4rt \u2013 was es selbst tun kann und wann es Studierende an spezialisierte Dienste verweisen sollte.<\/li><\/ul><p>Der Lehrplan wird gemeinsam erstellt. Jede Partneruniversit\u00e4t steuert Inhalte auf der Grundlage ihres Fachwissens bei, w\u00e4hrend CIAPE in Italien den Prozess leitet, alles zu einem klaren und zug\u00e4nglichen Handbuch zusammenzufassen. Die Universit\u00e4t Wuppertal hilft dabei, bew\u00e4hrte Methoden aus fr\u00fcheren Projekten anzupassen, und Innovation Hive sorgt daf\u00fcr, dass das Material f\u00fcr den n\u00e4chsten Schritt bereit ist: die Umwandlung in ansprechende Online-Lernmodule.<\/p><p><strong>Das Endergebnis<\/strong><\/p><p>Am Ende dieses Arbeitspakets werden wir Folgendes haben:<\/p><ol><li><strong>Einen Lehrplan und ein Handbuch<\/strong>, die jede Universit\u00e4t in Europa zur Schulung ihrer Mitarbeiter verwenden kann.<\/li><li><strong>Eine Grundlage f\u00fcr digitale Schulungen<\/strong> \u2013 das Material wird direkt in die E-Learning-Plattform einflie\u00dfen, die im n\u00e4chsten Arbeitspaket entwickelt wird.<\/li><li><strong>Eine langfristige Ressource<\/strong>, die Universit\u00e4ten dabei hilft, die Unterst\u00fctzung der psychischen Gesundheit in ihre allt\u00e4gliche Lehrkultur zu integrieren und nicht nur als zus\u00e4tzlichen Service anzubieten.<\/li><\/ol><p>\u00a0<\/p><p><strong>Das gro\u00dfe Ganze<\/strong><\/p><p>Bei WP3 geht es nicht nur darum, ein Lehrbuch zu erstellen. Es geht darum, die Art und Weise zu ver\u00e4ndern, wie Universit\u00e4ten \u00fcber die Unterst\u00fctzung der psychischen Gesundheit denken. Indem wir den Mitarbeitern die notwendigen Werkzeuge an die Hand geben, machen wir einen gro\u00dfen Schritt in Richtung <strong>inklusiver und unterst\u00fctzender Lernumgebungen<\/strong>, in denen alle Studierenden die Chance auf Erfolg haben \u2013 unabh\u00e4ngig davon, vor welchen Herausforderungen sie stehen.<\/p>\t\t\t\t\t\t\t\t<\/div>\n\t\t\t\t<\/div>\n\t\t\t\t\t<\/div>\n\t\t<\/div>\n\t\t\t\t\t<\/div>\n\t\t<\/section>\n\t\t\t\t\t<\/div>\n\t\t<\/div>\n\t\t\t\t\t<\/div>\n\t\t<\/section>\n\t\t\t\t<section class=\"elementor-section elementor-top-section elementor-element elementor-element-9a406e3 elementor-section-boxed elementor-section-height-default elementor-section-height-default jltma-glass-effect-no\" data-id=\"9a406e3\" data-element_type=\"section\" data-e-type=\"section\">\n\t\t\t\t\t\t<div class=\"elementor-container elementor-column-gap-default\">\n\t\t\t\t\t<div class=\"elementor-column elementor-col-50 elementor-top-column elementor-element elementor-element-f01e548 jltma-glass-effect-no\" data-id=\"f01e548\" data-element_type=\"column\" data-e-type=\"column\">\n\t\t\t<div class=\"elementor-widget-wrap elementor-element-populated\">\n\t\t\t\t\t\t<div class=\"elementor-element elementor-element-897765c jltma-glass-effect-no elementor-widget elementor-widget-spacer\" data-id=\"897765c\" data-element_type=\"widget\" data-e-type=\"widget\" data-widget_type=\"spacer.default\">\n\t\t\t\t<div class=\"elementor-widget-container\">\n\t\t\t\t\t\t\t<div class=\"elementor-spacer\">\n\t\t\t<div class=\"elementor-spacer-inner\"><\/div>\n\t\t<\/div>\n\t\t\t\t\t\t<\/div>\n\t\t\t\t<\/div>\n\t\t\t\t<div class=\"elementor-element elementor-element-1e00eac jltma-glass-effect-no elementor-widget elementor-widget-text-editor\" data-id=\"1e00eac\" data-element_type=\"widget\" data-e-type=\"widget\" data-widget_type=\"text-editor.default\">\n\t\t\t\t<div class=\"elementor-widget-container\">\n\t\t\t\t\t\t\t\t\t<p>Funded by the European Union. Views and opinions expressed are however those of the author(s) only and do not necessarily reflect those of the European Union or the European Education and Culture Executive Agency (EACEA). Neither the European Union nor EACEA can be held responsible for them. 2023-1-DE01-KA220-HED-000161199<\/p>\t\t\t\t\t\t\t\t<\/div>\n\t\t\t\t<\/div>\n\t\t\t\t\t<\/div>\n\t\t<\/div>\n\t\t\t\t<div class=\"elementor-column elementor-col-50 elementor-top-column elementor-element elementor-element-43f6b9a jltma-glass-effect-no\" data-id=\"43f6b9a\" data-element_type=\"column\" data-e-type=\"column\">\n\t\t\t<div class=\"elementor-widget-wrap elementor-element-populated\">\n\t\t\t\t\t\t<div class=\"elementor-element elementor-element-849e53b jltma-glass-effect-no elementor-widget elementor-widget-spacer\" data-id=\"849e53b\" data-element_type=\"widget\" data-e-type=\"widget\" data-widget_type=\"spacer.default\">\n\t\t\t\t<div class=\"elementor-widget-container\">\n\t\t\t\t\t\t\t<div class=\"elementor-spacer\">\n\t\t\t<div class=\"elementor-spacer-inner\"><\/div>\n\t\t<\/div>\n\t\t\t\t\t\t<\/div>\n\t\t\t\t<\/div>\n\t\t\t\t<div class=\"elementor-element elementor-element-7cb2337 jltma-glass-effect-no elementor-widget elementor-widget-image\" data-id=\"7cb2337\" data-element_type=\"widget\" data-e-type=\"widget\" data-widget_type=\"image.default\">\n\t\t\t\t<div class=\"elementor-widget-container\">\n\t\t\t\t\t\t\t\t\t\t\t\t\t\t\t<img decoding=\"async\" width=\"300\" height=\"63\" src=\"https:\/\/sunmentors.eu\/wp-content\/uploads\/2024\/02\/EN_Co-funded_by_the_EU-transparent-300x63.png\" class=\"elementor-animation-pulse attachment-medium size-medium wp-image-170\" alt=\"\" srcset=\"https:\/\/sunmentors.eu\/wp-content\/uploads\/2024\/02\/EN_Co-funded_by_the_EU-transparent-300x63.png 300w, https:\/\/sunmentors.eu\/wp-content\/uploads\/2024\/02\/EN_Co-funded_by_the_EU-transparent-768x161.png 768w, https:\/\/sunmentors.eu\/wp-content\/uploads\/2024\/02\/EN_Co-funded_by_the_EU-transparent.png 1024w\" sizes=\"(max-width: 300px) 100vw, 300px\" \/>\t\t\t\t\t\t\t\t\t\t\t\t\t\t\t<\/div>\n\t\t\t\t<\/div>\n\t\t\t\t\t<\/div>\n\t\t<\/div>\n\t\t\t\t\t<\/div>\n\t\t<\/section>\n\t\t\t\t<section class=\"elementor-section elementor-top-section elementor-element elementor-element-5beba2c elementor-section-boxed elementor-section-height-default elementor-section-height-default jltma-glass-effect-no\" data-id=\"5beba2c\" data-element_type=\"section\" data-e-type=\"section\">\n\t\t\t\t\t\t<div class=\"elementor-container elementor-column-gap-default\">\n\t\t\t\t\t<div class=\"elementor-column elementor-col-100 elementor-top-column elementor-element elementor-element-c4c72fb jltma-glass-effect-no\" data-id=\"c4c72fb\" data-element_type=\"column\" data-e-type=\"column\">\n\t\t\t<div class=\"elementor-widget-wrap elementor-element-populated\">\n\t\t\t\t\t\t<div class=\"elementor-element elementor-element-4bc79da animated-slow jltma-glass-effect-no elementor-invisible elementor-widget elementor-widget-heading\" data-id=\"4bc79da\" data-element_type=\"widget\" data-e-type=\"widget\" data-settings=\"{&quot;_animation&quot;:&quot;zoomIn&quot;}\" data-widget_type=\"heading.default\">\n\t\t\t\t<div class=\"elementor-widget-container\">\n\t\t\t\t\t<h2 class=\"elementor-heading-title elementor-size-default\"><a href=\"https:\/\/sunmentors.eu\/?page_id=186\">Privacy Policy<\/a><\/h2>\t\t\t\t<\/div>\n\t\t\t\t<\/div>\n\t\t\t\t<div class=\"elementor-element elementor-element-797545e jltma-glass-effect-no elementor-widget elementor-widget-text-editor\" data-id=\"797545e\" data-element_type=\"widget\" data-e-type=\"widget\" data-widget_type=\"text-editor.default\">\n\t\t\t\t<div class=\"elementor-widget-container\">\n\t\t\t\t\t\t\t\t\t<p>\u00a9 2024 SUNMENTORS. All Rights Reserved Design &amp; Developed <img decoding=\"async\" class=\"emoji\" role=\"img\" draggable=\"false\" src=\"https:\/\/s.w.org\/images\/core\/emoji\/14.0.0\/svg\/1f510.svg\" alt=\"\ud83d\udd10\" \/> by <a href=\"http:\/\/www.innovationhive.eu\" target=\"_blank\" rel=\"noopener\">Innovation Hive<\/a><\/p>\t\t\t\t\t\t\t\t<\/div>\n\t\t\t\t<\/div>\n\t\t\t\t<div class=\"elementor-element elementor-element-24d3c62 jltma-glass-effect-no elementor-widget elementor-widget-spacer\" data-id=\"24d3c62\" data-element_type=\"widget\" data-e-type=\"widget\" data-widget_type=\"spacer.default\">\n\t\t\t\t<div class=\"elementor-widget-container\">\n\t\t\t\t\t\t\t<div class=\"elementor-spacer\">\n\t\t\t<div class=\"elementor-spacer-inner\"><\/div>\n\t\t<\/div>\n\t\t\t\t\t\t<\/div>\n\t\t\t\t<\/div>\n\t\t\t\t\t<\/div>\n\t\t<\/div>\n\t\t\t\t\t<\/div>\n\t\t<\/section>\n\t\t\t\t<\/div>\n\t\t","protected":false},"excerpt":{"rendered":"<p>Arbeitspaket 3: Entwicklung eines Lehrplans f\u00fcr die psychische Gesundheitsf\u00f6rderung an Universit\u00e4ten Einer der wichtigsten Bestandteile des SUNMENTORS-Projekts ist das Arbeitspaket 3 (WP3). In dieser Phase geht es darum, einen praktischen Lehrplan zu erstellen, der Dozenten und Lehrkr\u00e4ften an Universit\u00e4ten dabei hilft, sich sicherer und kompetenter zu f\u00fchlen, wenn sie Studierende unterst\u00fctzen, die mit ihrer psychischen&#8230;<\/p>\n","protected":false},"author":1,"featured_media":0,"parent":0,"menu_order":0,"comment_status":"closed","ping_status":"closed","template":"elementor_header_footer","meta":{"_monsterinsights_skip_tracking":false,"_monsterinsights_sitenote_active":false,"_monsterinsights_sitenote_note":"","_monsterinsights_sitenote_category":0,"_kad_post_transparent":"","_kad_post_title":"hide","_kad_post_layout":"fullwidth","_kad_post_sidebar_id":"","_kad_post_content_style":"unboxed","_kad_post_vertical_padding":"hide","_kad_post_feature":"hide","_kad_post_feature_position":"","_kad_post_header":false,"_kad_post_footer":false,"_kad_post_classname":"","footnotes":""},"class_list":["post-1078","page","type-page","status-publish","hentry"],"_links":{"self":[{"href":"https:\/\/sunmentors.eu\/index.php?rest_route=\/wp\/v2\/pages\/1078","targetHints":{"allow":["GET"]}}],"collection":[{"href":"https:\/\/sunmentors.eu\/index.php?rest_route=\/wp\/v2\/pages"}],"about":[{"href":"https:\/\/sunmentors.eu\/index.php?rest_route=\/wp\/v2\/types\/page"}],"author":[{"embeddable":true,"href":"https:\/\/sunmentors.eu\/index.php?rest_route=\/wp\/v2\/users\/1"}],"replies":[{"embeddable":true,"href":"https:\/\/sunmentors.eu\/index.php?rest_route=%2Fwp%2Fv2%2Fcomments&post=1078"}],"version-history":[{"count":4,"href":"https:\/\/sunmentors.eu\/index.php?rest_route=\/wp\/v2\/pages\/1078\/revisions"}],"predecessor-version":[{"id":1088,"href":"https:\/\/sunmentors.eu\/index.php?rest_route=\/wp\/v2\/pages\/1078\/revisions\/1088"}],"wp:attachment":[{"href":"https:\/\/sunmentors.eu\/index.php?rest_route=%2Fwp%2Fv2%2Fmedia&parent=1078"}],"curies":[{"name":"wp","href":"https:\/\/api.w.org\/{rel}","templated":true}]}}