{"id":1060,"date":"2025-12-26T14:04:29","date_gmt":"2025-12-26T14:04:29","guid":{"rendered":"https:\/\/sunmentors.eu\/?page_id=1060"},"modified":"2025-12-26T14:04:53","modified_gmt":"2025-12-26T14:04:53","slug":"sunmentors-raggiunge-un-traguardo-fondamentale-con-la-riunione-sullo-sviluppo-del-programma-didattico-ad-atene","status":"publish","type":"page","link":"https:\/\/sunmentors.eu\/?page_id=1060&lang=it","title":{"rendered":"SUNMENTORS raggiunge un traguardo fondamentale con la riunione sullo sviluppo del programma didattico ad Atene"},"content":{"rendered":"\t\t<div data-elementor-type=\"wp-page\" data-elementor-id=\"1060\" class=\"elementor elementor-1060\" data-elementor-post-type=\"page\">\n\t\t\t\t\t\t<section class=\"elementor-section elementor-top-section elementor-element elementor-element-472ac236 elementor-section-full_width elementor-section-height-default elementor-section-height-default jltma-glass-effect-no\" data-id=\"472ac236\" data-element_type=\"section\" data-e-type=\"section\">\n\t\t\t\t\t\t<div class=\"elementor-container elementor-column-gap-no\">\n\t\t\t\t\t<div class=\"elementor-column elementor-col-50 elementor-top-column elementor-element elementor-element-4c65b6c4 jltma-glass-effect-no\" data-id=\"4c65b6c4\" data-element_type=\"column\" data-e-type=\"column\">\n\t\t\t<div class=\"elementor-widget-wrap elementor-element-populated\">\n\t\t\t\t\t\t<div class=\"elementor-element elementor-element-1a8bb943 elementor-widget-divider--view-line jltma-glass-effect-no elementor-invisible elementor-widget elementor-widget-divider\" data-id=\"1a8bb943\" data-element_type=\"widget\" data-e-type=\"widget\" data-settings=\"{&quot;_animation&quot;:&quot;fadeInRight&quot;}\" data-widget_type=\"divider.default\">\n\t\t\t\t<div class=\"elementor-widget-container\">\n\t\t\t\t\t\t\t<div class=\"elementor-divider\">\n\t\t\t<span class=\"elementor-divider-separator\">\n\t\t\t\t\t\t<\/span>\n\t\t<\/div>\n\t\t\t\t\t\t<\/div>\n\t\t\t\t<\/div>\n\t\t\t\t<div class=\"elementor-element elementor-element-1aafd07 jltma-glass-effect-no elementor-widget elementor-widget-heading\" data-id=\"1aafd07\" data-element_type=\"widget\" data-e-type=\"widget\" data-widget_type=\"heading.default\">\n\t\t\t\t<div class=\"elementor-widget-container\">\n\t\t\t\t\t<h2 class=\"elementor-heading-title elementor-size-default\">SUNMENTORS raggiunge un traguardo fondamentale con la riunione sullo sviluppo del programma didattico ad Atene<\/h2>\t\t\t\t<\/div>\n\t\t\t\t<\/div>\n\t\t\t\t\t<\/div>\n\t\t<\/div>\n\t\t\t\t<div class=\"elementor-column elementor-col-50 elementor-top-column elementor-element elementor-element-5492619b jltma-glass-effect-no\" data-id=\"5492619b\" data-element_type=\"column\" data-e-type=\"column\">\n\t\t\t<div class=\"elementor-widget-wrap elementor-element-populated\">\n\t\t\t\t\t\t<div class=\"elementor-element elementor-element-262f7092 animated-slow jltma-glass-effect-no elementor-invisible elementor-widget elementor-widget-image\" data-id=\"262f7092\" data-element_type=\"widget\" data-e-type=\"widget\" data-settings=\"{&quot;_animation&quot;:&quot;fadeIn&quot;}\" data-widget_type=\"image.default\">\n\t\t\t\t<div class=\"elementor-widget-container\">\n\t\t\t\t\t\t\t\t\t\t\t\t\t\t\t<img fetchpriority=\"high\" decoding=\"async\" width=\"605\" height=\"529\" src=\"https:\/\/sunmentors.eu\/wp-content\/uploads\/2025\/12\/Picture2.png\" class=\"attachment-full size-full wp-image-873\" alt=\"\" srcset=\"https:\/\/sunmentors.eu\/wp-content\/uploads\/2025\/12\/Picture2.png 605w, https:\/\/sunmentors.eu\/wp-content\/uploads\/2025\/12\/Picture2-300x262.png 300w\" sizes=\"(max-width: 605px) 100vw, 605px\" \/>\t\t\t\t\t\t\t\t\t\t\t\t\t\t\t<\/div>\n\t\t\t\t<\/div>\n\t\t\t\t\t<\/div>\n\t\t<\/div>\n\t\t\t\t\t<\/div>\n\t\t<\/section>\n\t\t\t\t<section class=\"elementor-section elementor-top-section elementor-element elementor-element-064e1f9 elementor-section-boxed elementor-section-height-default elementor-section-height-default jltma-glass-effect-no\" data-id=\"064e1f9\" data-element_type=\"section\" data-e-type=\"section\">\n\t\t\t\t\t\t<div class=\"elementor-container elementor-column-gap-default\">\n\t\t\t\t\t<div class=\"elementor-column elementor-col-100 elementor-top-column elementor-element elementor-element-9345908 jltma-glass-effect-no\" data-id=\"9345908\" data-element_type=\"column\" data-e-type=\"column\">\n\t\t\t<div class=\"elementor-widget-wrap elementor-element-populated\">\n\t\t\t\t\t\t<section class=\"elementor-section elementor-inner-section elementor-element elementor-element-ecfd99f elementor-section-boxed elementor-section-height-default elementor-section-height-default jltma-glass-effect-no\" data-id=\"ecfd99f\" data-element_type=\"section\" data-e-type=\"section\">\n\t\t\t\t\t\t<div class=\"elementor-container elementor-column-gap-default\">\n\t\t\t\t\t<div class=\"elementor-column elementor-col-50 elementor-inner-column elementor-element elementor-element-53970a1 jltma-glass-effect-no\" data-id=\"53970a1\" data-element_type=\"column\" data-e-type=\"column\" data-settings=\"{&quot;background_background&quot;:&quot;classic&quot;}\">\n\t\t\t<div class=\"elementor-widget-wrap elementor-element-populated\">\n\t\t\t\t\t\t<div class=\"elementor-element elementor-element-fd01a24 jltma-glass-effect-no elementor-widget elementor-widget-spacer\" data-id=\"fd01a24\" data-element_type=\"widget\" data-e-type=\"widget\" data-widget_type=\"spacer.default\">\n\t\t\t\t<div class=\"elementor-widget-container\">\n\t\t\t\t\t\t\t<div class=\"elementor-spacer\">\n\t\t\t<div class=\"elementor-spacer-inner\"><\/div>\n\t\t<\/div>\n\t\t\t\t\t\t<\/div>\n\t\t\t\t<\/div>\n\t\t\t\t\t<\/div>\n\t\t<\/div>\n\t\t\t\t<div class=\"elementor-column elementor-col-50 elementor-inner-column elementor-element elementor-element-b196e9c jltma-glass-effect-no\" data-id=\"b196e9c\" data-element_type=\"column\" data-e-type=\"column\">\n\t\t\t<div class=\"elementor-widget-wrap elementor-element-populated\">\n\t\t\t\t\t\t<div class=\"elementor-element elementor-element-88f1aa3 animated-slow jltma-glass-effect-no elementor-widget elementor-widget-text-editor\" data-id=\"88f1aa3\" data-element_type=\"widget\" data-e-type=\"widget\" data-settings=\"{&quot;_animation&quot;:&quot;none&quot;,&quot;_animation_delay&quot;:400}\" data-widget_type=\"text-editor.default\">\n\t\t\t\t<div class=\"elementor-widget-container\">\n\t\t\t\t\t\t\t\t\t<p>Il progetto SUNMENTORS sta prendendo slancio!<\/p><p>Il 3 e 4 aprile 2025, tutti i partner del progetto si sono riuniti ad Atene per un&#8217;intensa sessione di lavoro dedicata allo sviluppo finale del programma didattico e dei moduli di e-learning. La splendida cornice ha fornito lo sfondo perfetto per un dialogo critico ma costruttivo.<\/p><p>Durante le sessioni, l&#8217;impegno condiviso tra i partner era inequivocabile. I partner sono chiaramente motivati a contribuire a un risultato di grande impatto, cosa che non sorprende dato l&#8217;obiettivo principale del progetto:<\/p><ul><li>Promuovere il benessere mentale degli studenti<\/li><li>Rafforzare e responsabilizzare il personale docente nell&#8217;istruzione superiore<\/li><\/ul><p>Le discussioni durante la riunione hanno confermato che il progetto \u00e8 sulla strada giusta. Uno dei punti di forza dell&#8217;approccio SunMentors risiede nel suo ambito ben definito. Il programma di studi si concentra su due problemi di salute mentale prevalenti tra gli studenti dell&#8217;istruzione superiore: l&#8217;ansia e la depressione. Questo chiaro focus tematico consente al progetto di approfondire tali questioni, tenendo presente la prospettiva pi\u00f9 ampia del benessere mentale.<\/p><p>Altrettanto importante \u00e8 l&#8217;attenzione equilibrata riservata alla salute mentale sia degli studenti che degli insegnanti nel programma di studi. I partner hanno convenuto che prendersi cura del benessere del personale docente \u00e8 fondamentale tanto quanto sostenere gli studenti. Questa intuizione ha plasmato ogni aspetto dello sviluppo del progetto.<\/p><p>L&#8217;incontro di Atene ha evidenziato come i precedenti workshop preparatori abbiano gettato solide basi per questa fase di sviluppo. Dopo aver esaminato l&#8217;intero contenuto e ricevuto i feedback, \u00e8 diventato chiaro che gli elementi si allineano e si rafforzano a vicenda.<\/p><p>Ma l&#8217;incontro di Atene \u00e8 stato speciale anche per un altro motivo. Ha segnato l&#8217;ultimo incontro di persona del team del progetto. Il che \u00e8 stato speciale, dopo aver lavorato cos\u00ec intensamente insieme su un argomento cos\u00ec importante.<\/p><p>Con l&#8217;avvicinarsi delle scadenze, ogni universit\u00e0 e college partner \u00e8 tornato a casa con un compito chiaro: finalizzare il contenuto del programma di studi entro la met\u00e0 di maggio, in modo che Innovation Hive possa iniziare a costruire la piattaforma interattiva di e-learning. Fortunatamente, una breve pausa pasquale ha offerto il momento perfetto per ricaricare le batterie. Con rinnovata energia, i partner stanno ora entrando nella fase finale dello sviluppo dei contenuti.<\/p><p>Sei curioso di conoscere i nostri progressi e i prossimi passi? Segui i nostri social media su LinkedIn, Instagram e Facebook!<\/p>\t\t\t\t\t\t\t\t<\/div>\n\t\t\t\t<\/div>\n\t\t\t\t\t<\/div>\n\t\t<\/div>\n\t\t\t\t\t<\/div>\n\t\t<\/section>\n\t\t\t\t\t<\/div>\n\t\t<\/div>\n\t\t\t\t\t<\/div>\n\t\t<\/section>\n\t\t\t\t<section class=\"elementor-section elementor-top-section elementor-element elementor-element-9a406e3 elementor-section-boxed elementor-section-height-default elementor-section-height-default jltma-glass-effect-no\" data-id=\"9a406e3\" data-element_type=\"section\" data-e-type=\"section\">\n\t\t\t\t\t\t<div class=\"elementor-container elementor-column-gap-default\">\n\t\t\t\t\t<div class=\"elementor-column elementor-col-50 elementor-top-column elementor-element elementor-element-f01e548 jltma-glass-effect-no\" data-id=\"f01e548\" data-element_type=\"column\" data-e-type=\"column\">\n\t\t\t<div class=\"elementor-widget-wrap elementor-element-populated\">\n\t\t\t\t\t\t<div class=\"elementor-element elementor-element-897765c jltma-glass-effect-no elementor-widget elementor-widget-spacer\" data-id=\"897765c\" data-element_type=\"widget\" data-e-type=\"widget\" data-widget_type=\"spacer.default\">\n\t\t\t\t<div class=\"elementor-widget-container\">\n\t\t\t\t\t\t\t<div class=\"elementor-spacer\">\n\t\t\t<div class=\"elementor-spacer-inner\"><\/div>\n\t\t<\/div>\n\t\t\t\t\t\t<\/div>\n\t\t\t\t<\/div>\n\t\t\t\t<div class=\"elementor-element elementor-element-1e00eac jltma-glass-effect-no elementor-widget elementor-widget-text-editor\" data-id=\"1e00eac\" data-element_type=\"widget\" data-e-type=\"widget\" data-widget_type=\"text-editor.default\">\n\t\t\t\t<div class=\"elementor-widget-container\">\n\t\t\t\t\t\t\t\t\t<p>Funded by the European Union. Views and opinions expressed are however those of the author(s) only and do not necessarily reflect those of the European Union or the European Education and Culture Executive Agency (EACEA). Neither the European Union nor EACEA can be held responsible for them. 2023-1-DE01-KA220-HED-000161199<\/p>\t\t\t\t\t\t\t\t<\/div>\n\t\t\t\t<\/div>\n\t\t\t\t\t<\/div>\n\t\t<\/div>\n\t\t\t\t<div class=\"elementor-column elementor-col-50 elementor-top-column elementor-element elementor-element-43f6b9a jltma-glass-effect-no\" data-id=\"43f6b9a\" data-element_type=\"column\" data-e-type=\"column\">\n\t\t\t<div class=\"elementor-widget-wrap elementor-element-populated\">\n\t\t\t\t\t\t<div class=\"elementor-element elementor-element-849e53b jltma-glass-effect-no elementor-widget elementor-widget-spacer\" data-id=\"849e53b\" data-element_type=\"widget\" data-e-type=\"widget\" data-widget_type=\"spacer.default\">\n\t\t\t\t<div class=\"elementor-widget-container\">\n\t\t\t\t\t\t\t<div class=\"elementor-spacer\">\n\t\t\t<div class=\"elementor-spacer-inner\"><\/div>\n\t\t<\/div>\n\t\t\t\t\t\t<\/div>\n\t\t\t\t<\/div>\n\t\t\t\t<div class=\"elementor-element elementor-element-7cb2337 jltma-glass-effect-no elementor-widget elementor-widget-image\" data-id=\"7cb2337\" data-element_type=\"widget\" data-e-type=\"widget\" data-widget_type=\"image.default\">\n\t\t\t\t<div class=\"elementor-widget-container\">\n\t\t\t\t\t\t\t\t\t\t\t\t\t\t\t<img decoding=\"async\" width=\"300\" height=\"63\" src=\"https:\/\/sunmentors.eu\/wp-content\/uploads\/2024\/02\/EN_Co-funded_by_the_EU-transparent-300x63.png\" class=\"elementor-animation-pulse attachment-medium size-medium wp-image-170\" alt=\"\" srcset=\"https:\/\/sunmentors.eu\/wp-content\/uploads\/2024\/02\/EN_Co-funded_by_the_EU-transparent-300x63.png 300w, https:\/\/sunmentors.eu\/wp-content\/uploads\/2024\/02\/EN_Co-funded_by_the_EU-transparent-768x161.png 768w, https:\/\/sunmentors.eu\/wp-content\/uploads\/2024\/02\/EN_Co-funded_by_the_EU-transparent.png 1024w\" sizes=\"(max-width: 300px) 100vw, 300px\" \/>\t\t\t\t\t\t\t\t\t\t\t\t\t\t\t<\/div>\n\t\t\t\t<\/div>\n\t\t\t\t\t<\/div>\n\t\t<\/div>\n\t\t\t\t\t<\/div>\n\t\t<\/section>\n\t\t\t\t<section class=\"elementor-section elementor-top-section elementor-element elementor-element-5beba2c elementor-section-boxed elementor-section-height-default elementor-section-height-default jltma-glass-effect-no\" data-id=\"5beba2c\" data-element_type=\"section\" data-e-type=\"section\">\n\t\t\t\t\t\t<div class=\"elementor-container elementor-column-gap-default\">\n\t\t\t\t\t<div class=\"elementor-column elementor-col-100 elementor-top-column elementor-element elementor-element-c4c72fb jltma-glass-effect-no\" data-id=\"c4c72fb\" data-element_type=\"column\" data-e-type=\"column\">\n\t\t\t<div class=\"elementor-widget-wrap elementor-element-populated\">\n\t\t\t\t\t\t<div class=\"elementor-element elementor-element-4bc79da animated-slow jltma-glass-effect-no elementor-invisible elementor-widget elementor-widget-heading\" data-id=\"4bc79da\" data-element_type=\"widget\" data-e-type=\"widget\" data-settings=\"{&quot;_animation&quot;:&quot;zoomIn&quot;}\" data-widget_type=\"heading.default\">\n\t\t\t\t<div class=\"elementor-widget-container\">\n\t\t\t\t\t<h2 class=\"elementor-heading-title elementor-size-default\"><a href=\"https:\/\/sunmentors.eu\/?page_id=186\">Privacy Policy<\/a><\/h2>\t\t\t\t<\/div>\n\t\t\t\t<\/div>\n\t\t\t\t<div class=\"elementor-element elementor-element-797545e jltma-glass-effect-no elementor-widget elementor-widget-text-editor\" data-id=\"797545e\" data-element_type=\"widget\" data-e-type=\"widget\" data-widget_type=\"text-editor.default\">\n\t\t\t\t<div class=\"elementor-widget-container\">\n\t\t\t\t\t\t\t\t\t<p>\u00a9 2024 SUNMENTORS. All Rights Reserved Design &amp; Developed <img decoding=\"async\" class=\"emoji\" role=\"img\" draggable=\"false\" src=\"https:\/\/s.w.org\/images\/core\/emoji\/14.0.0\/svg\/1f510.svg\" alt=\"\ud83d\udd10\" \/> by <a href=\"http:\/\/www.innovationhive.eu\" target=\"_blank\" rel=\"noopener\">Innovation Hive<\/a><\/p>\t\t\t\t\t\t\t\t<\/div>\n\t\t\t\t<\/div>\n\t\t\t\t<div class=\"elementor-element elementor-element-24d3c62 jltma-glass-effect-no elementor-widget elementor-widget-spacer\" data-id=\"24d3c62\" data-element_type=\"widget\" data-e-type=\"widget\" data-widget_type=\"spacer.default\">\n\t\t\t\t<div class=\"elementor-widget-container\">\n\t\t\t\t\t\t\t<div class=\"elementor-spacer\">\n\t\t\t<div class=\"elementor-spacer-inner\"><\/div>\n\t\t<\/div>\n\t\t\t\t\t\t<\/div>\n\t\t\t\t<\/div>\n\t\t\t\t\t<\/div>\n\t\t<\/div>\n\t\t\t\t\t<\/div>\n\t\t<\/section>\n\t\t\t\t<\/div>\n\t\t","protected":false},"excerpt":{"rendered":"<p>SUNMENTORS raggiunge un traguardo fondamentale con la riunione sullo sviluppo del programma didattico ad Atene Il progetto SUNMENTORS sta prendendo slancio! Il 3 e 4 aprile 2025, tutti i partner del progetto si sono riuniti ad Atene per un&#8217;intensa sessione di lavoro dedicata allo sviluppo finale del programma didattico e dei moduli di e-learning. La&#8230;<\/p>\n","protected":false},"author":1,"featured_media":0,"parent":0,"menu_order":0,"comment_status":"closed","ping_status":"closed","template":"elementor_header_footer","meta":{"_monsterinsights_skip_tracking":false,"_monsterinsights_sitenote_active":false,"_monsterinsights_sitenote_note":"","_monsterinsights_sitenote_category":0,"_kad_post_transparent":"","_kad_post_title":"hide","_kad_post_layout":"fullwidth","_kad_post_sidebar_id":"","_kad_post_content_style":"unboxed","_kad_post_vertical_padding":"hide","_kad_post_feature":"hide","_kad_post_feature_position":"","_kad_post_header":false,"_kad_post_footer":false,"_kad_post_classname":"","footnotes":""},"class_list":["post-1060","page","type-page","status-publish","hentry"],"_links":{"self":[{"href":"https:\/\/sunmentors.eu\/index.php?rest_route=\/wp\/v2\/pages\/1060","targetHints":{"allow":["GET"]}}],"collection":[{"href":"https:\/\/sunmentors.eu\/index.php?rest_route=\/wp\/v2\/pages"}],"about":[{"href":"https:\/\/sunmentors.eu\/index.php?rest_route=\/wp\/v2\/types\/page"}],"author":[{"embeddable":true,"href":"https:\/\/sunmentors.eu\/index.php?rest_route=\/wp\/v2\/users\/1"}],"replies":[{"embeddable":true,"href":"https:\/\/sunmentors.eu\/index.php?rest_route=%2Fwp%2Fv2%2Fcomments&post=1060"}],"version-history":[{"count":4,"href":"https:\/\/sunmentors.eu\/index.php?rest_route=\/wp\/v2\/pages\/1060\/revisions"}],"predecessor-version":[{"id":1068,"href":"https:\/\/sunmentors.eu\/index.php?rest_route=\/wp\/v2\/pages\/1060\/revisions\/1068"}],"wp:attachment":[{"href":"https:\/\/sunmentors.eu\/index.php?rest_route=%2Fwp%2Fv2%2Fmedia&parent=1060"}],"curies":[{"name":"wp","href":"https:\/\/api.w.org\/{rel}","templated":true}]}}