{"id":1039,"date":"2025-12-26T13:57:27","date_gmt":"2025-12-26T13:57:27","guid":{"rendered":"https:\/\/sunmentors.eu\/?page_id=1039"},"modified":"2025-12-26T13:58:14","modified_gmt":"2025-12-26T13:58:14","slug":"das-sunmentors-projekt-unterstuetzung-der-psychischen-gesundheit-von-studierenden-im-hochschulbereich","status":"publish","type":"page","link":"https:\/\/sunmentors.eu\/?page_id=1039&lang=de","title":{"rendered":"Das SUNMENTORS-Projekt: Unterst\u00fctzung der psychischen Gesundheit von Studierenden im Hochschulbereich"},"content":{"rendered":"\t\t<div data-elementor-type=\"wp-page\" data-elementor-id=\"1039\" class=\"elementor elementor-1039\" data-elementor-post-type=\"page\">\n\t\t\t\t\t\t<section class=\"elementor-section elementor-top-section elementor-element elementor-element-472ac236 elementor-section-full_width elementor-section-height-default elementor-section-height-default jltma-glass-effect-no\" data-id=\"472ac236\" data-element_type=\"section\" data-e-type=\"section\">\n\t\t\t\t\t\t<div class=\"elementor-container elementor-column-gap-no\">\n\t\t\t\t\t<div class=\"elementor-column elementor-col-50 elementor-top-column elementor-element elementor-element-4c65b6c4 jltma-glass-effect-no\" data-id=\"4c65b6c4\" data-element_type=\"column\" data-e-type=\"column\">\n\t\t\t<div class=\"elementor-widget-wrap elementor-element-populated\">\n\t\t\t\t\t\t<div class=\"elementor-element elementor-element-1a8bb943 elementor-widget-divider--view-line jltma-glass-effect-no elementor-invisible elementor-widget elementor-widget-divider\" data-id=\"1a8bb943\" data-element_type=\"widget\" data-e-type=\"widget\" data-settings=\"{&quot;_animation&quot;:&quot;fadeInRight&quot;}\" data-widget_type=\"divider.default\">\n\t\t\t\t<div class=\"elementor-widget-container\">\n\t\t\t\t\t\t\t<div class=\"elementor-divider\">\n\t\t\t<span class=\"elementor-divider-separator\">\n\t\t\t\t\t\t<\/span>\n\t\t<\/div>\n\t\t\t\t\t\t<\/div>\n\t\t\t\t<\/div>\n\t\t\t\t<div class=\"elementor-element elementor-element-1aafd07 jltma-glass-effect-no elementor-widget elementor-widget-heading\" data-id=\"1aafd07\" data-element_type=\"widget\" data-e-type=\"widget\" data-widget_type=\"heading.default\">\n\t\t\t\t<div class=\"elementor-widget-container\">\n\t\t\t\t\t<h2 class=\"elementor-heading-title elementor-size-default\">Das SUNMENTORS-Projekt: Unterst\u00fctzung der psychischen Gesundheit von Studierenden im Hochschulbereich<\/h2>\t\t\t\t<\/div>\n\t\t\t\t<\/div>\n\t\t\t\t\t<\/div>\n\t\t<\/div>\n\t\t\t\t<div class=\"elementor-column elementor-col-50 elementor-top-column elementor-element elementor-element-5492619b jltma-glass-effect-no\" data-id=\"5492619b\" data-element_type=\"column\" data-e-type=\"column\">\n\t\t\t<div class=\"elementor-widget-wrap elementor-element-populated\">\n\t\t\t\t\t\t<div class=\"elementor-element elementor-element-262f7092 animated-slow jltma-glass-effect-no elementor-invisible elementor-widget elementor-widget-image\" data-id=\"262f7092\" data-element_type=\"widget\" data-e-type=\"widget\" data-settings=\"{&quot;_animation&quot;:&quot;fadeIn&quot;}\" data-widget_type=\"image.default\">\n\t\t\t\t<div class=\"elementor-widget-container\">\n\t\t\t\t\t\t\t\t\t\t\t\t\t\t\t<img fetchpriority=\"high\" decoding=\"async\" width=\"1280\" height=\"829\" src=\"https:\/\/sunmentors.eu\/wp-content\/uploads\/2025\/01\/fear-gcb239b7a5_1280.png\" class=\"attachment-full size-full wp-image-582\" alt=\"\" srcset=\"https:\/\/sunmentors.eu\/wp-content\/uploads\/2025\/01\/fear-gcb239b7a5_1280.png 1280w, https:\/\/sunmentors.eu\/wp-content\/uploads\/2025\/01\/fear-gcb239b7a5_1280-300x194.png 300w, https:\/\/sunmentors.eu\/wp-content\/uploads\/2025\/01\/fear-gcb239b7a5_1280-1024x663.png 1024w, https:\/\/sunmentors.eu\/wp-content\/uploads\/2025\/01\/fear-gcb239b7a5_1280-768x497.png 768w\" sizes=\"(max-width: 1280px) 100vw, 1280px\" \/>\t\t\t\t\t\t\t\t\t\t\t\t\t\t\t<\/div>\n\t\t\t\t<\/div>\n\t\t\t\t\t<\/div>\n\t\t<\/div>\n\t\t\t\t\t<\/div>\n\t\t<\/section>\n\t\t\t\t<section class=\"elementor-section elementor-top-section elementor-element elementor-element-064e1f9 elementor-section-boxed elementor-section-height-default elementor-section-height-default jltma-glass-effect-no\" data-id=\"064e1f9\" data-element_type=\"section\" data-e-type=\"section\">\n\t\t\t\t\t\t<div class=\"elementor-container elementor-column-gap-default\">\n\t\t\t\t\t<div class=\"elementor-column elementor-col-100 elementor-top-column elementor-element elementor-element-9345908 jltma-glass-effect-no\" data-id=\"9345908\" data-element_type=\"column\" data-e-type=\"column\">\n\t\t\t<div class=\"elementor-widget-wrap elementor-element-populated\">\n\t\t\t\t\t\t<section class=\"elementor-section elementor-inner-section elementor-element elementor-element-ecfd99f elementor-section-boxed elementor-section-height-default elementor-section-height-default jltma-glass-effect-no\" data-id=\"ecfd99f\" data-element_type=\"section\" data-e-type=\"section\">\n\t\t\t\t\t\t<div class=\"elementor-container elementor-column-gap-default\">\n\t\t\t\t\t<div class=\"elementor-column elementor-col-50 elementor-inner-column elementor-element elementor-element-53970a1 jltma-glass-effect-no\" data-id=\"53970a1\" data-element_type=\"column\" data-e-type=\"column\" data-settings=\"{&quot;background_background&quot;:&quot;classic&quot;}\">\n\t\t\t<div class=\"elementor-widget-wrap elementor-element-populated\">\n\t\t\t\t\t\t<div class=\"elementor-element elementor-element-fd01a24 jltma-glass-effect-no elementor-widget elementor-widget-spacer\" data-id=\"fd01a24\" data-element_type=\"widget\" data-e-type=\"widget\" data-widget_type=\"spacer.default\">\n\t\t\t\t<div class=\"elementor-widget-container\">\n\t\t\t\t\t\t\t<div class=\"elementor-spacer\">\n\t\t\t<div class=\"elementor-spacer-inner\"><\/div>\n\t\t<\/div>\n\t\t\t\t\t\t<\/div>\n\t\t\t\t<\/div>\n\t\t\t\t\t<\/div>\n\t\t<\/div>\n\t\t\t\t<div class=\"elementor-column elementor-col-50 elementor-inner-column elementor-element elementor-element-b196e9c jltma-glass-effect-no\" data-id=\"b196e9c\" data-element_type=\"column\" data-e-type=\"column\">\n\t\t\t<div class=\"elementor-widget-wrap elementor-element-populated\">\n\t\t\t\t\t\t<div class=\"elementor-element elementor-element-88f1aa3 animated-slow jltma-glass-effect-no elementor-widget elementor-widget-text-editor\" data-id=\"88f1aa3\" data-element_type=\"widget\" data-e-type=\"widget\" data-settings=\"{&quot;_animation&quot;:&quot;none&quot;,&quot;_animation_delay&quot;:400}\" data-widget_type=\"text-editor.default\">\n\t\t\t\t<div class=\"elementor-widget-container\">\n\t\t\t\t\t\t\t\t\t<p>Das SUNMENTORS-Projekt mit dem offiziellen Titel \u201eUnterst\u00fctzung der psychischen Gesundheit von Studierenden \u2013 Schulung f\u00fcr Lehrkr\u00e4fte\u201d ist eine gemeinsame Initiative, die im Rahmen des Erasmus+-Programms finanziert wird. Das Projekt befasst sich mit der wachsenden Besorgnis \u00fcber psychische Gesundheitsprobleme von Studierenden an europ\u00e4ischen Hochschuleinrichtungen.<\/p><p>SUNMENTORS ist eine Initiative, die darauf abzielt, die psychische Gesundheit von Studierenden zu verbessern, indem Lehrkr\u00e4fte mit den erforderlichen F\u00e4higkeiten und Kenntnissen ausgestattet werden. Das Projekt tr\u00e4gt der Tatsache Rechnung, dass die psychische Gesundheit von Studierenden, insbesondere Erkrankungen wie Depressionen und Angstzust\u00e4nde, in ganz Europa zu einer dringenden Herausforderung geworden ist. Das Projekt zielt darauf ab, ein integrativeres Lernumfeld zu schaffen, indem Lehrkr\u00e4fte mit Strategien zur wirksamen Unterst\u00fctzung von Studierenden ausgestattet werden.<\/p><p>Die Hauptziele des Projekts sind die Verbesserung der Kompetenz des Lehrpersonals an Universit\u00e4ten bei der Unterst\u00fctzung der psychischen Gesundheit von Studierenden und die F\u00f6rderung inklusiver Lernumgebungen, in denen alle Studierenden unabh\u00e4ngig von ihren psychischen Problemen erfolgreich sein k\u00f6nnen. Ein weiteres Kernziel ist die Entwicklung von Bildungsressourcen, darunter ein umfassender Ausbildungslehrplan und eine digitale E-Learning-Plattform f\u00fcr die berufliche Weiterbildung. Dar\u00fcber hinaus soll das Projekt durch politische Empfehlungen f\u00fcr langfristige systemische Ver\u00e4nderungen Einfluss auf die Politik auf institutioneller und europ\u00e4ischer Ebene nehmen.<\/p><p>Die Zielgruppe des SUNMENTORS-Projekts sind Lehrkr\u00e4fte an Hochschulen, die eine entscheidende Rolle bei der F\u00f6rderung des Wohlbefindens der Studierenden spielen. Zu den sekund\u00e4ren Zielgruppen geh\u00f6ren Studierende mit psychischen Problemen, Beratungsdienste an Hochschulen und Verwaltungsmitarbeiter, die in der Studierendenbetreuung t\u00e4tig sind. Auch Entscheidungstr\u00e4ger im Hochschulbereich und \u00f6ffentliche Bildungsbeh\u00f6rden gelten als wichtige Zielgruppen, da das Projekt einen umfassenden institutionellen Wandel ansto\u00dfen soll.<\/p><p>Das Projekt ist in f\u00fcnf miteinander verbundene Arbeitspakete gegliedert, von denen vier darauf ausgerichtet sind, die Ziele systematisch zu erreichen. Jedes Arbeitspaket konzentriert sich auf einen entscheidenden Aspekt f\u00fcr den Erfolg des Projekts und gew\u00e4hrleistet einen umfassenden Ansatz zur Verbesserung der psychischen Gesundheitsf\u00f6rderung im Hochschulbereich.<\/p><p><strong>Austausch bew\u00e4hrter Verfahren und Bedarfsanalyse:<\/strong> Ziel ist es, bew\u00e4hrte Verfahren zur F\u00f6rderung der psychischen Gesundheit von Studierenden an europ\u00e4ischen Universit\u00e4ten zu identifizieren und auszutauschen. Die Partner werden Workshops mit Lehrkr\u00e4ften und Studierenden durchf\u00fchren, um Einblicke in bestehende Herausforderungen und Versorgungsl\u00fccken zu gewinnen. Die Ergebnisse flie\u00dfen in die Gestaltung eines ma\u00dfgeschneiderten Schulungscurriculums ein, das auf die tats\u00e4chlichen Bed\u00fcrfnisse der Lehrkr\u00e4fte zugeschnitten ist.<\/p><p><strong>Entwicklung des Lehrplans:<\/strong> umfasst die Erstellung eines detaillierten Schulungsprogramms, um Lehrkr\u00e4fte darauf vorzubereiten, die psychische Gesundheit der Studierenden besser zu unterst\u00fctzen. Der Lehrplan wird Themen wie das Erkennen von Fr\u00fchwarnzeichen, das Setzen von Grenzen, aktives Zuh\u00f6ren und \u00dcberweisungstechniken behandeln. Er wird sowohl f\u00fcr den pers\u00f6nlichen als auch f\u00fcr den digitalen Gebrauch entwickelt und in einer Pilotphase auf seine Wirksamkeit und Relevanz in verschiedenen Einrichtungen getestet.<\/p><p><strong>Entwicklung der E-Learning-Plattform:<\/strong> Im Mittelpunkt steht die Schaffung einer digitalen Plattform, auf der der im vorherigen Arbeitspaket entwickelte Ausbildungslehrplan bereitgestellt wird. Die Plattform wird interaktive Module umfassen, darunter Video-Tutorials, Quizfragen, \u00dcbungen zur Selbstreflexion und herunterladbare Ressourcen. Sie ist f\u00fcr flexibles, selbstgesteuertes Lernen konzipiert und gew\u00e4hrleistet die Zug\u00e4nglichkeit und Beteiligung eines breiten Publikums von Hochschulmitarbeitern.<\/p><p><strong>Entwicklung einer Strategie f\u00fcr die psychische Gesundheit von Studierenden und politische Empfehlungen:<\/strong> Ziel ist es, langfristige institutionelle Ver\u00e4nderungen zu f\u00f6rdern, indem der entwickelte Lehrplan und die E-Learning-Plattform in die Standardpraktiken der Universit\u00e4ten integriert werden. Es wird ein Papier mit politischen Empfehlungen erstellt, das Institutionen und politischen Entscheidungstr\u00e4gern als Leitfaden f\u00fcr die Erstellung integrativer Strategien f\u00fcr psychische Gesundheit auf struktureller Ebene dienen soll.<\/p><p>Zu den wichtigsten Ergebnissen des SUNMENTORS-Projekts geh\u00f6ren ein umfassender Lehrplan f\u00fcr Hochschullehrkr\u00e4fte, eine interaktive E-Learning-Plattform f\u00fcr die berufliche Weiterbildung und ein Papier mit politischen Empfehlungen zur Unterst\u00fctzung institutioneller und politischer Ver\u00e4nderungen. Dar\u00fcber hinaus wird das Projekt Workshops und Veranstaltungen zur Einbindung von Interessengruppen veranstalten, um den Dialog und die \u00dcbernahme der Schulungsinstrumente in europ\u00e4ischen Institutionen zu f\u00f6rdern.<\/p><p>Es wird erwartet, dass die langfristigen Auswirkungen erheblich sein werden. Durch die Verbesserung der Kenntnisse des Lehrpersonals im Bereich der psychischen Gesundheit und die Bereitstellung von Instrumenten f\u00fcr institutionelle Ver\u00e4nderungen wird das Projekt zu einem unterst\u00fctzenderen Lernumfeld in ganz Europa beitragen. Diese Initiative zielt darauf ab, Stigmatisierung zu verringern, die akademischen Leistungen zu verbessern und das Wohlbefinden von Studierenden mit psychischen Problemen zu f\u00f6rdern. Mit seinem Fokus auf Nachhaltigkeit und politischer Einflussnahme m\u00f6chte SUNMENTORS einen dauerhaften Beitrag zur europ\u00e4ischen Hochschullandschaft leisten.<\/p>\t\t\t\t\t\t\t\t<\/div>\n\t\t\t\t<\/div>\n\t\t\t\t\t<\/div>\n\t\t<\/div>\n\t\t\t\t\t<\/div>\n\t\t<\/section>\n\t\t\t\t\t<\/div>\n\t\t<\/div>\n\t\t\t\t\t<\/div>\n\t\t<\/section>\n\t\t\t\t<section class=\"elementor-section elementor-top-section elementor-element elementor-element-9a406e3 elementor-section-boxed elementor-section-height-default elementor-section-height-default jltma-glass-effect-no\" data-id=\"9a406e3\" data-element_type=\"section\" data-e-type=\"section\">\n\t\t\t\t\t\t<div class=\"elementor-container elementor-column-gap-default\">\n\t\t\t\t\t<div class=\"elementor-column elementor-col-50 elementor-top-column elementor-element elementor-element-f01e548 jltma-glass-effect-no\" data-id=\"f01e548\" data-element_type=\"column\" data-e-type=\"column\">\n\t\t\t<div class=\"elementor-widget-wrap elementor-element-populated\">\n\t\t\t\t\t\t<div class=\"elementor-element elementor-element-897765c jltma-glass-effect-no elementor-widget elementor-widget-spacer\" data-id=\"897765c\" data-element_type=\"widget\" data-e-type=\"widget\" data-widget_type=\"spacer.default\">\n\t\t\t\t<div class=\"elementor-widget-container\">\n\t\t\t\t\t\t\t<div class=\"elementor-spacer\">\n\t\t\t<div class=\"elementor-spacer-inner\"><\/div>\n\t\t<\/div>\n\t\t\t\t\t\t<\/div>\n\t\t\t\t<\/div>\n\t\t\t\t<div class=\"elementor-element elementor-element-1e00eac jltma-glass-effect-no elementor-widget elementor-widget-text-editor\" data-id=\"1e00eac\" data-element_type=\"widget\" data-e-type=\"widget\" data-widget_type=\"text-editor.default\">\n\t\t\t\t<div class=\"elementor-widget-container\">\n\t\t\t\t\t\t\t\t\t<p>Funded by the European Union. Views and opinions expressed are however those of the author(s) only and do not necessarily reflect those of the European Union or the European Education and Culture Executive Agency (EACEA). Neither the European Union nor EACEA can be held responsible for them. 2023-1-DE01-KA220-HED-000161199<\/p>\t\t\t\t\t\t\t\t<\/div>\n\t\t\t\t<\/div>\n\t\t\t\t\t<\/div>\n\t\t<\/div>\n\t\t\t\t<div class=\"elementor-column elementor-col-50 elementor-top-column elementor-element elementor-element-43f6b9a jltma-glass-effect-no\" data-id=\"43f6b9a\" data-element_type=\"column\" data-e-type=\"column\">\n\t\t\t<div class=\"elementor-widget-wrap elementor-element-populated\">\n\t\t\t\t\t\t<div class=\"elementor-element elementor-element-849e53b jltma-glass-effect-no elementor-widget elementor-widget-spacer\" data-id=\"849e53b\" data-element_type=\"widget\" data-e-type=\"widget\" data-widget_type=\"spacer.default\">\n\t\t\t\t<div class=\"elementor-widget-container\">\n\t\t\t\t\t\t\t<div class=\"elementor-spacer\">\n\t\t\t<div class=\"elementor-spacer-inner\"><\/div>\n\t\t<\/div>\n\t\t\t\t\t\t<\/div>\n\t\t\t\t<\/div>\n\t\t\t\t<div class=\"elementor-element elementor-element-7cb2337 jltma-glass-effect-no elementor-widget elementor-widget-image\" data-id=\"7cb2337\" data-element_type=\"widget\" data-e-type=\"widget\" data-widget_type=\"image.default\">\n\t\t\t\t<div class=\"elementor-widget-container\">\n\t\t\t\t\t\t\t\t\t\t\t\t\t\t\t<img decoding=\"async\" width=\"300\" height=\"63\" src=\"https:\/\/sunmentors.eu\/wp-content\/uploads\/2024\/02\/EN_Co-funded_by_the_EU-transparent-300x63.png\" class=\"elementor-animation-pulse attachment-medium size-medium wp-image-170\" alt=\"\" srcset=\"https:\/\/sunmentors.eu\/wp-content\/uploads\/2024\/02\/EN_Co-funded_by_the_EU-transparent-300x63.png 300w, https:\/\/sunmentors.eu\/wp-content\/uploads\/2024\/02\/EN_Co-funded_by_the_EU-transparent-768x161.png 768w, https:\/\/sunmentors.eu\/wp-content\/uploads\/2024\/02\/EN_Co-funded_by_the_EU-transparent.png 1024w\" sizes=\"(max-width: 300px) 100vw, 300px\" \/>\t\t\t\t\t\t\t\t\t\t\t\t\t\t\t<\/div>\n\t\t\t\t<\/div>\n\t\t\t\t\t<\/div>\n\t\t<\/div>\n\t\t\t\t\t<\/div>\n\t\t<\/section>\n\t\t\t\t<section class=\"elementor-section elementor-top-section elementor-element elementor-element-5beba2c elementor-section-boxed elementor-section-height-default elementor-section-height-default jltma-glass-effect-no\" data-id=\"5beba2c\" data-element_type=\"section\" data-e-type=\"section\">\n\t\t\t\t\t\t<div class=\"elementor-container elementor-column-gap-default\">\n\t\t\t\t\t<div class=\"elementor-column elementor-col-100 elementor-top-column elementor-element elementor-element-c4c72fb jltma-glass-effect-no\" data-id=\"c4c72fb\" data-element_type=\"column\" data-e-type=\"column\">\n\t\t\t<div class=\"elementor-widget-wrap elementor-element-populated\">\n\t\t\t\t\t\t<div class=\"elementor-element elementor-element-4bc79da animated-slow jltma-glass-effect-no elementor-invisible elementor-widget elementor-widget-heading\" data-id=\"4bc79da\" data-element_type=\"widget\" data-e-type=\"widget\" data-settings=\"{&quot;_animation&quot;:&quot;zoomIn&quot;}\" data-widget_type=\"heading.default\">\n\t\t\t\t<div class=\"elementor-widget-container\">\n\t\t\t\t\t<h2 class=\"elementor-heading-title elementor-size-default\"><a href=\"https:\/\/sunmentors.eu\/?page_id=186\">Privacy Policy<\/a><\/h2>\t\t\t\t<\/div>\n\t\t\t\t<\/div>\n\t\t\t\t<div class=\"elementor-element elementor-element-797545e jltma-glass-effect-no elementor-widget elementor-widget-text-editor\" data-id=\"797545e\" data-element_type=\"widget\" data-e-type=\"widget\" data-widget_type=\"text-editor.default\">\n\t\t\t\t<div class=\"elementor-widget-container\">\n\t\t\t\t\t\t\t\t\t<p>\u00a9 2024 SUNMENTORS. All Rights Reserved Design &amp; Developed <img decoding=\"async\" class=\"emoji\" role=\"img\" draggable=\"false\" src=\"https:\/\/s.w.org\/images\/core\/emoji\/14.0.0\/svg\/1f510.svg\" alt=\"\ud83d\udd10\" \/> by <a href=\"http:\/\/www.innovationhive.eu\" target=\"_blank\" rel=\"noopener\">Innovation Hive<\/a><\/p>\t\t\t\t\t\t\t\t<\/div>\n\t\t\t\t<\/div>\n\t\t\t\t<div class=\"elementor-element elementor-element-24d3c62 jltma-glass-effect-no elementor-widget elementor-widget-spacer\" data-id=\"24d3c62\" data-element_type=\"widget\" data-e-type=\"widget\" data-widget_type=\"spacer.default\">\n\t\t\t\t<div class=\"elementor-widget-container\">\n\t\t\t\t\t\t\t<div class=\"elementor-spacer\">\n\t\t\t<div class=\"elementor-spacer-inner\"><\/div>\n\t\t<\/div>\n\t\t\t\t\t\t<\/div>\n\t\t\t\t<\/div>\n\t\t\t\t\t<\/div>\n\t\t<\/div>\n\t\t\t\t\t<\/div>\n\t\t<\/section>\n\t\t\t\t<\/div>\n\t\t","protected":false},"excerpt":{"rendered":"<p>Das SUNMENTORS-Projekt: Unterst\u00fctzung der psychischen Gesundheit von Studierenden im Hochschulbereich Das SUNMENTORS-Projekt mit dem offiziellen Titel \u201eUnterst\u00fctzung der psychischen Gesundheit von Studierenden \u2013 Schulung f\u00fcr Lehrkr\u00e4fte\u201d ist eine gemeinsame Initiative, die im Rahmen des Erasmus+-Programms finanziert wird. Das Projekt befasst sich mit der wachsenden Besorgnis \u00fcber psychische Gesundheitsprobleme von Studierenden an europ\u00e4ischen Hochschuleinrichtungen. SUNMENTORS ist&#8230;<\/p>\n","protected":false},"author":1,"featured_media":0,"parent":0,"menu_order":0,"comment_status":"closed","ping_status":"closed","template":"elementor_header_footer","meta":{"_monsterinsights_skip_tracking":false,"_monsterinsights_sitenote_active":false,"_monsterinsights_sitenote_note":"","_monsterinsights_sitenote_category":0,"_kad_post_transparent":"","_kad_post_title":"hide","_kad_post_layout":"fullwidth","_kad_post_sidebar_id":"","_kad_post_content_style":"unboxed","_kad_post_vertical_padding":"hide","_kad_post_feature":"hide","_kad_post_feature_position":"","_kad_post_header":false,"_kad_post_footer":false,"_kad_post_classname":"","footnotes":""},"class_list":["post-1039","page","type-page","status-publish","hentry"],"_links":{"self":[{"href":"https:\/\/sunmentors.eu\/index.php?rest_route=\/wp\/v2\/pages\/1039","targetHints":{"allow":["GET"]}}],"collection":[{"href":"https:\/\/sunmentors.eu\/index.php?rest_route=\/wp\/v2\/pages"}],"about":[{"href":"https:\/\/sunmentors.eu\/index.php?rest_route=\/wp\/v2\/types\/page"}],"author":[{"embeddable":true,"href":"https:\/\/sunmentors.eu\/index.php?rest_route=\/wp\/v2\/users\/1"}],"replies":[{"embeddable":true,"href":"https:\/\/sunmentors.eu\/index.php?rest_route=%2Fwp%2Fv2%2Fcomments&post=1039"}],"version-history":[{"count":4,"href":"https:\/\/sunmentors.eu\/index.php?rest_route=\/wp\/v2\/pages\/1039\/revisions"}],"predecessor-version":[{"id":1044,"href":"https:\/\/sunmentors.eu\/index.php?rest_route=\/wp\/v2\/pages\/1039\/revisions\/1044"}],"wp:attachment":[{"href":"https:\/\/sunmentors.eu\/index.php?rest_route=%2Fwp%2Fv2%2Fmedia&parent=1039"}],"curies":[{"name":"wp","href":"https:\/\/api.w.org\/{rel}","templated":true}]}}