{"id":1027,"date":"2025-12-26T13:53:39","date_gmt":"2025-12-26T13:53:39","guid":{"rendered":"https:\/\/sunmentors.eu\/?page_id=1027"},"modified":"2025-12-26T13:54:16","modified_gmt":"2025-12-26T13:54:16","slug":"sunmentors-artikel-2","status":"publish","type":"page","link":"https:\/\/sunmentors.eu\/?page_id=1027&lang=de","title":{"rendered":"SunMentors-Artikel"},"content":{"rendered":"\t\t<div data-elementor-type=\"wp-page\" data-elementor-id=\"1027\" class=\"elementor elementor-1027\" data-elementor-post-type=\"page\">\n\t\t\t\t\t\t<section class=\"elementor-section elementor-top-section elementor-element elementor-element-472ac236 elementor-section-full_width elementor-section-height-default elementor-section-height-default jltma-glass-effect-no\" data-id=\"472ac236\" data-element_type=\"section\" data-e-type=\"section\">\n\t\t\t\t\t\t<div class=\"elementor-container elementor-column-gap-no\">\n\t\t\t\t\t<div class=\"elementor-column elementor-col-50 elementor-top-column elementor-element elementor-element-4c65b6c4 jltma-glass-effect-no\" data-id=\"4c65b6c4\" data-element_type=\"column\" data-e-type=\"column\">\n\t\t\t<div class=\"elementor-widget-wrap elementor-element-populated\">\n\t\t\t\t\t\t<div class=\"elementor-element elementor-element-1a8bb943 elementor-widget-divider--view-line jltma-glass-effect-no elementor-invisible elementor-widget elementor-widget-divider\" data-id=\"1a8bb943\" data-element_type=\"widget\" data-e-type=\"widget\" data-settings=\"{&quot;_animation&quot;:&quot;fadeInRight&quot;}\" data-widget_type=\"divider.default\">\n\t\t\t\t<div class=\"elementor-widget-container\">\n\t\t\t\t\t\t\t<div class=\"elementor-divider\">\n\t\t\t<span class=\"elementor-divider-separator\">\n\t\t\t\t\t\t<\/span>\n\t\t<\/div>\n\t\t\t\t\t\t<\/div>\n\t\t\t\t<\/div>\n\t\t\t\t<div class=\"elementor-element elementor-element-1aafd07 jltma-glass-effect-no elementor-widget elementor-widget-heading\" data-id=\"1aafd07\" data-element_type=\"widget\" data-e-type=\"widget\" data-widget_type=\"heading.default\">\n\t\t\t\t<div class=\"elementor-widget-container\">\n\t\t\t\t\t<h2 class=\"elementor-heading-title elementor-size-default\">SunMentors-Artikel<\/h2>\t\t\t\t<\/div>\n\t\t\t\t<\/div>\n\t\t\t\t\t<\/div>\n\t\t<\/div>\n\t\t\t\t<div class=\"elementor-column elementor-col-50 elementor-top-column elementor-element elementor-element-5492619b jltma-glass-effect-no\" data-id=\"5492619b\" data-element_type=\"column\" data-e-type=\"column\">\n\t\t\t<div class=\"elementor-widget-wrap elementor-element-populated\">\n\t\t\t\t\t\t<div class=\"elementor-element elementor-element-262f7092 animated-slow jltma-glass-effect-no elementor-invisible elementor-widget elementor-widget-image\" data-id=\"262f7092\" data-element_type=\"widget\" data-e-type=\"widget\" data-settings=\"{&quot;_animation&quot;:&quot;fadeIn&quot;}\" data-widget_type=\"image.default\">\n\t\t\t\t<div class=\"elementor-widget-container\">\n\t\t\t\t\t\t\t\t\t\t\t\t\t\t\t<img fetchpriority=\"high\" decoding=\"async\" width=\"478\" height=\"345\" src=\"https:\/\/sunmentors.eu\/wp-content\/uploads\/2024\/12\/Picture1.jpg\" class=\"attachment-full size-full wp-image-537\" alt=\"\" srcset=\"https:\/\/sunmentors.eu\/wp-content\/uploads\/2024\/12\/Picture1.jpg 478w, https:\/\/sunmentors.eu\/wp-content\/uploads\/2024\/12\/Picture1-300x217.jpg 300w\" sizes=\"(max-width: 478px) 100vw, 478px\" \/>\t\t\t\t\t\t\t\t\t\t\t\t\t\t\t<\/div>\n\t\t\t\t<\/div>\n\t\t\t\t\t<\/div>\n\t\t<\/div>\n\t\t\t\t\t<\/div>\n\t\t<\/section>\n\t\t\t\t<section class=\"elementor-section elementor-top-section elementor-element elementor-element-064e1f9 elementor-section-boxed elementor-section-height-default elementor-section-height-default jltma-glass-effect-no\" data-id=\"064e1f9\" data-element_type=\"section\" data-e-type=\"section\">\n\t\t\t\t\t\t<div class=\"elementor-container elementor-column-gap-default\">\n\t\t\t\t\t<div class=\"elementor-column elementor-col-100 elementor-top-column elementor-element elementor-element-9345908 jltma-glass-effect-no\" data-id=\"9345908\" data-element_type=\"column\" data-e-type=\"column\">\n\t\t\t<div class=\"elementor-widget-wrap elementor-element-populated\">\n\t\t\t\t\t\t<section class=\"elementor-section elementor-inner-section elementor-element elementor-element-ecfd99f elementor-section-boxed elementor-section-height-default elementor-section-height-default jltma-glass-effect-no\" data-id=\"ecfd99f\" data-element_type=\"section\" data-e-type=\"section\">\n\t\t\t\t\t\t<div class=\"elementor-container elementor-column-gap-default\">\n\t\t\t\t\t<div class=\"elementor-column elementor-col-50 elementor-inner-column elementor-element elementor-element-53970a1 jltma-glass-effect-no\" data-id=\"53970a1\" data-element_type=\"column\" data-e-type=\"column\" data-settings=\"{&quot;background_background&quot;:&quot;classic&quot;}\">\n\t\t\t<div class=\"elementor-widget-wrap elementor-element-populated\">\n\t\t\t\t\t\t<div class=\"elementor-element elementor-element-fd01a24 jltma-glass-effect-no elementor-widget elementor-widget-spacer\" data-id=\"fd01a24\" data-element_type=\"widget\" data-e-type=\"widget\" data-widget_type=\"spacer.default\">\n\t\t\t\t<div class=\"elementor-widget-container\">\n\t\t\t\t\t\t\t<div class=\"elementor-spacer\">\n\t\t\t<div class=\"elementor-spacer-inner\"><\/div>\n\t\t<\/div>\n\t\t\t\t\t\t<\/div>\n\t\t\t\t<\/div>\n\t\t\t\t\t<\/div>\n\t\t<\/div>\n\t\t\t\t<div class=\"elementor-column elementor-col-50 elementor-inner-column elementor-element elementor-element-b196e9c jltma-glass-effect-no\" data-id=\"b196e9c\" data-element_type=\"column\" data-e-type=\"column\">\n\t\t\t<div class=\"elementor-widget-wrap elementor-element-populated\">\n\t\t\t\t\t\t<div class=\"elementor-element elementor-element-88f1aa3 animated-slow jltma-glass-effect-no elementor-widget elementor-widget-text-editor\" data-id=\"88f1aa3\" data-element_type=\"widget\" data-e-type=\"widget\" data-settings=\"{&quot;_animation&quot;:&quot;none&quot;,&quot;_animation_delay&quot;:400}\" data-widget_type=\"text-editor.default\">\n\t\t\t\t<div class=\"elementor-widget-container\">\n\t\t\t\t\t\t\t\t\t<p>Am 24. und 25. Oktober fand in Rom das zweite transnationale Treffen des europ\u00e4ischen Projekts SunMentors statt, das vom CIAPE, dem italienischen Zentrum f\u00fcr lebenslanges Lernen, einem der Partner dieser ehrgeizigen Initiative zur F\u00f6rderung der psychischen Gesundheit von Studierenden durch die Schulung von Hochschulpersonal, ausgerichtet wurde. Dieses Treffen war ein wichtiger Schritt bei der Definition und Zusammenstellung der Lehrplanmodule, die entwickelt werden, um Kompetenzen f\u00fcr die Unterst\u00fctzung und Betreuung in Bildungseinrichtungen aufzubauen.<\/p><p><strong>Ziele des Lehrplans<\/strong><\/p><p>Der Lehrplan des Projekts soll Hochschulmitarbeiter darauf vorbereiten, psychische Probleme von Studierenden zu erkennen und anzugehen, wobei ein besonderer Schwerpunkt auf h\u00e4ufigen St\u00f6rungen wie Angstzust\u00e4nden und Depressionen liegt. Das Programm zielt darauf ab, grundlegende Kenntnisse und Instrumente zur Erkennung von Notfallsignalen und zum angemessenen Reagieren zu vermitteln und so zu einem inklusiven Hochschulumfeld beizutragen, in dem das Wohlbefinden der Studierenden im Vordergrund steht.<\/p><p>W\u00e4hrend des Treffens arbeiteten die Partner an der Makro- und Mikrostruktur des Lehrplans. Die Makrostruktur umfasst Schl\u00fcsselthemen wie Bewusstsein f\u00fcr psychische Gesundheit, Krisenmanagement, psychologische Erste Hilfe, Entstigmatisierung und Kommunikation. Jedes Modul enth\u00e4lt spezifische Ziele, vertiefende Inhalte und praktische Aktivit\u00e4ten.<\/p><p><img decoding=\"async\" class=\"alignnone size-large wp-image-1030\" src=\"https:\/\/sunmentors.eu\/wp-content\/uploads\/2025\/12\/pic5-1-1024x532.png\" alt=\"\" width=\"1024\" height=\"532\" srcset=\"https:\/\/sunmentors.eu\/wp-content\/uploads\/2025\/12\/pic5-1-1024x532.png 1024w, https:\/\/sunmentors.eu\/wp-content\/uploads\/2025\/12\/pic5-1-300x156.png 300w, https:\/\/sunmentors.eu\/wp-content\/uploads\/2025\/12\/pic5-1-768x399.png 768w, https:\/\/sunmentors.eu\/wp-content\/uploads\/2025\/12\/pic5-1.png 1361w\" sizes=\"(max-width: 1024px) 100vw, 1024px\" \/><\/p><p>In der Mikrostruktur ist jeder Kurs in detailliertere Komponenten unterteilt, darunter Themenbeschreibungen, Lernziele, erwartete Ergebnisse und erg\u00e4nzende Ressourcen.<\/p><p>W\u00e4hrend des gesamten Workshops konzentrierten sich die Teilnehmer darauf, die Module fertigzustellen und die wichtigsten Inhalte zu definieren. Die Zusammenstellung erfolgte nach einem kooperativen Ansatz, bei dem die Module unter den Partnern aufgeteilt wurden, wobei jeder Partner f\u00fcr bestimmte Inhaltsbereiche verantwortlich war. Der Lehrplan umfasst praktische \u00dcbungen (wie Rollenspiele und Krisenmanagement-Simulationen) und Fragen zur Selbstreflexion, um die Analyse wichtiger Themen anzuregen.<\/p><p><strong>Auf dem Weg zu einer inklusiven und digitalen Ausbildung<\/strong><\/p><p>Eines der endg\u00fcltigen Ziele ist die Digitalisierung des Lehrplans, um \u00fcber eine eigens f\u00fcr das Projekt eingerichtete E-Learning-Plattform barrierefreie Schulungen anzubieten. Diese f\u00fcr 2025 geplante digitale Transformation wird die Zug\u00e4nglichkeit des Programms erweitern.<\/p><p>Das Treffen war ein wichtiger Schritt vorw\u00e4rts f\u00fcr das SunMentors-Projekt und festigte die methodische und inhaltliche Grundlage f\u00fcr einen Lehrplan, der darauf abzielt, die Art und Weise zu ver\u00e4ndern, wie Universit\u00e4ten mit der psychischen Gesundheit von Studierenden umgehen und diese unterst\u00fctzen.<\/p>\t\t\t\t\t\t\t\t<\/div>\n\t\t\t\t<\/div>\n\t\t\t\t\t<\/div>\n\t\t<\/div>\n\t\t\t\t\t<\/div>\n\t\t<\/section>\n\t\t\t\t\t<\/div>\n\t\t<\/div>\n\t\t\t\t\t<\/div>\n\t\t<\/section>\n\t\t\t\t<section class=\"elementor-section elementor-top-section elementor-element elementor-element-9a406e3 elementor-section-boxed elementor-section-height-default elementor-section-height-default jltma-glass-effect-no\" data-id=\"9a406e3\" data-element_type=\"section\" data-e-type=\"section\">\n\t\t\t\t\t\t<div class=\"elementor-container elementor-column-gap-default\">\n\t\t\t\t\t<div class=\"elementor-column elementor-col-50 elementor-top-column elementor-element elementor-element-f01e548 jltma-glass-effect-no\" data-id=\"f01e548\" data-element_type=\"column\" data-e-type=\"column\">\n\t\t\t<div class=\"elementor-widget-wrap elementor-element-populated\">\n\t\t\t\t\t\t<div class=\"elementor-element elementor-element-897765c jltma-glass-effect-no elementor-widget elementor-widget-spacer\" data-id=\"897765c\" data-element_type=\"widget\" data-e-type=\"widget\" data-widget_type=\"spacer.default\">\n\t\t\t\t<div class=\"elementor-widget-container\">\n\t\t\t\t\t\t\t<div class=\"elementor-spacer\">\n\t\t\t<div class=\"elementor-spacer-inner\"><\/div>\n\t\t<\/div>\n\t\t\t\t\t\t<\/div>\n\t\t\t\t<\/div>\n\t\t\t\t<div class=\"elementor-element elementor-element-1e00eac jltma-glass-effect-no elementor-widget elementor-widget-text-editor\" data-id=\"1e00eac\" data-element_type=\"widget\" data-e-type=\"widget\" data-widget_type=\"text-editor.default\">\n\t\t\t\t<div class=\"elementor-widget-container\">\n\t\t\t\t\t\t\t\t\t<p>Funded by the European Union. Views and opinions expressed are however those of the author(s) only and do not necessarily reflect those of the European Union or the European Education and Culture Executive Agency (EACEA). Neither the European Union nor EACEA can be held responsible for them. 2023-1-DE01-KA220-HED-000161199<\/p>\t\t\t\t\t\t\t\t<\/div>\n\t\t\t\t<\/div>\n\t\t\t\t\t<\/div>\n\t\t<\/div>\n\t\t\t\t<div class=\"elementor-column elementor-col-50 elementor-top-column elementor-element elementor-element-43f6b9a jltma-glass-effect-no\" data-id=\"43f6b9a\" data-element_type=\"column\" data-e-type=\"column\">\n\t\t\t<div class=\"elementor-widget-wrap elementor-element-populated\">\n\t\t\t\t\t\t<div class=\"elementor-element elementor-element-849e53b jltma-glass-effect-no elementor-widget elementor-widget-spacer\" data-id=\"849e53b\" data-element_type=\"widget\" data-e-type=\"widget\" data-widget_type=\"spacer.default\">\n\t\t\t\t<div class=\"elementor-widget-container\">\n\t\t\t\t\t\t\t<div class=\"elementor-spacer\">\n\t\t\t<div class=\"elementor-spacer-inner\"><\/div>\n\t\t<\/div>\n\t\t\t\t\t\t<\/div>\n\t\t\t\t<\/div>\n\t\t\t\t<div class=\"elementor-element elementor-element-7cb2337 jltma-glass-effect-no elementor-widget elementor-widget-image\" data-id=\"7cb2337\" data-element_type=\"widget\" data-e-type=\"widget\" data-widget_type=\"image.default\">\n\t\t\t\t<div class=\"elementor-widget-container\">\n\t\t\t\t\t\t\t\t\t\t\t\t\t\t\t<img decoding=\"async\" width=\"300\" height=\"63\" src=\"https:\/\/sunmentors.eu\/wp-content\/uploads\/2024\/02\/EN_Co-funded_by_the_EU-transparent-300x63.png\" class=\"elementor-animation-pulse attachment-medium size-medium wp-image-170\" alt=\"\" srcset=\"https:\/\/sunmentors.eu\/wp-content\/uploads\/2024\/02\/EN_Co-funded_by_the_EU-transparent-300x63.png 300w, https:\/\/sunmentors.eu\/wp-content\/uploads\/2024\/02\/EN_Co-funded_by_the_EU-transparent-768x161.png 768w, https:\/\/sunmentors.eu\/wp-content\/uploads\/2024\/02\/EN_Co-funded_by_the_EU-transparent.png 1024w\" sizes=\"(max-width: 300px) 100vw, 300px\" \/>\t\t\t\t\t\t\t\t\t\t\t\t\t\t\t<\/div>\n\t\t\t\t<\/div>\n\t\t\t\t\t<\/div>\n\t\t<\/div>\n\t\t\t\t\t<\/div>\n\t\t<\/section>\n\t\t\t\t<section class=\"elementor-section elementor-top-section elementor-element elementor-element-5beba2c elementor-section-boxed elementor-section-height-default elementor-section-height-default jltma-glass-effect-no\" data-id=\"5beba2c\" data-element_type=\"section\" data-e-type=\"section\">\n\t\t\t\t\t\t<div class=\"elementor-container elementor-column-gap-default\">\n\t\t\t\t\t<div class=\"elementor-column elementor-col-100 elementor-top-column elementor-element elementor-element-c4c72fb jltma-glass-effect-no\" data-id=\"c4c72fb\" data-element_type=\"column\" data-e-type=\"column\">\n\t\t\t<div class=\"elementor-widget-wrap elementor-element-populated\">\n\t\t\t\t\t\t<div class=\"elementor-element elementor-element-4bc79da animated-slow jltma-glass-effect-no elementor-invisible elementor-widget elementor-widget-heading\" data-id=\"4bc79da\" data-element_type=\"widget\" data-e-type=\"widget\" data-settings=\"{&quot;_animation&quot;:&quot;zoomIn&quot;}\" data-widget_type=\"heading.default\">\n\t\t\t\t<div class=\"elementor-widget-container\">\n\t\t\t\t\t<h2 class=\"elementor-heading-title elementor-size-default\"><a href=\"https:\/\/sunmentors.eu\/?page_id=186\">Privacy Policy<\/a><\/h2>\t\t\t\t<\/div>\n\t\t\t\t<\/div>\n\t\t\t\t<div class=\"elementor-element elementor-element-797545e jltma-glass-effect-no elementor-widget elementor-widget-text-editor\" data-id=\"797545e\" data-element_type=\"widget\" data-e-type=\"widget\" data-widget_type=\"text-editor.default\">\n\t\t\t\t<div class=\"elementor-widget-container\">\n\t\t\t\t\t\t\t\t\t<p>\u00a9 2024 SUNMENTORS. All Rights Reserved Design &amp; Developed <img decoding=\"async\" class=\"emoji\" role=\"img\" draggable=\"false\" src=\"https:\/\/s.w.org\/images\/core\/emoji\/14.0.0\/svg\/1f510.svg\" alt=\"\ud83d\udd10\" \/> by <a href=\"http:\/\/www.innovationhive.eu\" target=\"_blank\" rel=\"noopener\">Innovation Hive<\/a><\/p>\t\t\t\t\t\t\t\t<\/div>\n\t\t\t\t<\/div>\n\t\t\t\t<div class=\"elementor-element elementor-element-24d3c62 jltma-glass-effect-no elementor-widget elementor-widget-spacer\" data-id=\"24d3c62\" data-element_type=\"widget\" data-e-type=\"widget\" data-widget_type=\"spacer.default\">\n\t\t\t\t<div class=\"elementor-widget-container\">\n\t\t\t\t\t\t\t<div class=\"elementor-spacer\">\n\t\t\t<div class=\"elementor-spacer-inner\"><\/div>\n\t\t<\/div>\n\t\t\t\t\t\t<\/div>\n\t\t\t\t<\/div>\n\t\t\t\t\t<\/div>\n\t\t<\/div>\n\t\t\t\t\t<\/div>\n\t\t<\/section>\n\t\t\t\t<\/div>\n\t\t","protected":false},"excerpt":{"rendered":"<p>SunMentors-Artikel Am 24. und 25. Oktober fand in Rom das zweite transnationale Treffen des europ\u00e4ischen Projekts SunMentors statt, das vom CIAPE, dem italienischen Zentrum f\u00fcr lebenslanges Lernen, einem der Partner dieser ehrgeizigen Initiative zur F\u00f6rderung der psychischen Gesundheit von Studierenden durch die Schulung von Hochschulpersonal, ausgerichtet wurde. Dieses Treffen war ein wichtiger Schritt bei der&#8230;<\/p>\n","protected":false},"author":1,"featured_media":0,"parent":0,"menu_order":0,"comment_status":"closed","ping_status":"closed","template":"elementor_header_footer","meta":{"_monsterinsights_skip_tracking":false,"_monsterinsights_sitenote_active":false,"_monsterinsights_sitenote_note":"","_monsterinsights_sitenote_category":0,"_kad_post_transparent":"","_kad_post_title":"hide","_kad_post_layout":"fullwidth","_kad_post_sidebar_id":"","_kad_post_content_style":"unboxed","_kad_post_vertical_padding":"hide","_kad_post_feature":"hide","_kad_post_feature_position":"","_kad_post_header":false,"_kad_post_footer":false,"_kad_post_classname":"","footnotes":""},"class_list":["post-1027","page","type-page","status-publish","hentry"],"_links":{"self":[{"href":"https:\/\/sunmentors.eu\/index.php?rest_route=\/wp\/v2\/pages\/1027","targetHints":{"allow":["GET"]}}],"collection":[{"href":"https:\/\/sunmentors.eu\/index.php?rest_route=\/wp\/v2\/pages"}],"about":[{"href":"https:\/\/sunmentors.eu\/index.php?rest_route=\/wp\/v2\/types\/page"}],"author":[{"embeddable":true,"href":"https:\/\/sunmentors.eu\/index.php?rest_route=\/wp\/v2\/users\/1"}],"replies":[{"embeddable":true,"href":"https:\/\/sunmentors.eu\/index.php?rest_route=%2Fwp%2Fv2%2Fcomments&post=1027"}],"version-history":[{"count":4,"href":"https:\/\/sunmentors.eu\/index.php?rest_route=\/wp\/v2\/pages\/1027\/revisions"}],"predecessor-version":[{"id":1033,"href":"https:\/\/sunmentors.eu\/index.php?rest_route=\/wp\/v2\/pages\/1027\/revisions\/1033"}],"wp:attachment":[{"href":"https:\/\/sunmentors.eu\/index.php?rest_route=%2Fwp%2Fv2%2Fmedia&parent=1027"}],"curies":[{"name":"wp","href":"https:\/\/api.w.org\/{rel}","templated":true}]}}